{"id":10650,"date":"2018-01-25T20:17:24","date_gmt":"2018-01-25T17:17:24","guid":{"rendered":"https:\/\/umayanabiotechnology.com\/?page_id=10650"},"modified":"2024-11-16T12:11:13","modified_gmt":"2024-11-16T09:11:13","slug":"iletisim","status":"publish","type":"page","link":"https:\/\/umayanabiotechnology.com\/tr\/iletisim\/","title":{"rendered":"\u0130leti\u015fim"},"content":{"rendered":"<div class=\"wpb-content-wrapper\"><p>[vc_row row_width=&#8221;wtbx_stretch_row_content&#8221; min_height=&#8221;300&#8243; custom_bg_type=&#8221;image&#8221; custom_bg_cover=&#8221;cover&#8221; custom_bg_repeat=&#8221;no-repeat&#8221; custom_bg_position=&#8221;Center top&#8221; nav_skin=&#8221;light&#8221; consent_include=&#8221;include&#8221; custom_bg_color=&#8221;{&#8220;solid&#8220;:{&#8220;id&#8220;:&#8220;Dark color&#8220;,&#8220;color&#8220;:&#8220;#151221&#8220;}}&#8221; overlay_color=&#8221;{&#8220;dir&#8220;:&#8220;to top&#8220;,&#8220;from&#8220;:{&#8220;id&#8220;:&#8220;custom_color&#8220;,&#8220;color&#8220;:&#8220;rgba(21,20,36,0.8)&#8220;},&#8220;to&#8220;:{&#8220;id&#8220;:&#8220;custom_color&#8220;,&#8220;color&#8220;:&#8220;rgba(21,20,36,0.4)&#8220;}}&#8221; custom_bg_image=&#8221;9917&#8243;][vc_column el_design=&#8221;{&#8220;desktop&#8220;:{&#8220;padding-top&#8220;:&#8220;0&#8220;,&#8220;padding-right&#8220;:&#8220;0&#8220;,&#8220;padding-bottom&#8220;:&#8220;0&#8220;,&#8220;padding-left&#8220;:&#8220;0&#8220;}}&#8221; css_animation=&#8221;&#8221;][\/vc_column][\/vc_row][vc_row max_width=&#8221;1020&#8243; nav_skin=&#8221;light&#8221; consent_include=&#8221;include&#8221; custom_bg_color=&#8221;{&#8220;solid&#8220;:{&#8220;id&#8220;:&#8220;Light background&#8220;,&#8220;color&#8220;:&#8220;#f7f8fd&#8220;}}&#8221;][vc_column el_design=&#8221;{&#8220;mobile_portrait&#8220;:{&#8220;padding-right&#8220;:&#8220;30&#8220;,&#8220;padding-left&#8220;:&#8220;30&#8220;},&#8220;mobile_landscape&#8220;:{&#8220;padding-right&#8220;:&#8220;15&#8220;,&#8220;padding-left&#8220;:&#8220;15&#8220;},&#8220;desktop&#8220;:{&#8220;padding-top&#8220;:&#8220;15&#8220;,&#8220;padding-right&#8220;:&#8220;15&#8220;,&#8220;padding-bottom&#8220;:&#8220;15&#8220;,&#8220;padding-left&#8220;:&#8220;15&#8220;,&#8220;shift-vertical&#8220;:-200}}&#8221; css_animation=&#8221;&#8221;][vc_split_text text=&#8221;\u0130leti\u015fime Ge\u00e7in!&#8221; wrapper=&#8221;h1&#8243; color=&#8221;{&#8220;id&#8220;:&#8220;Light background&#8220;,&#8220;color&#8220;:&#8220;#f7f8fd&#8220;}&#8221; fill_color=&#8221;{&#8220;id&#8220;:&#8220;Light background&#8220;,&#8220;color&#8220;:&#8220;#f7f8fd&#8220;}&#8221; alignment=&#8221;&#8221; typography=&#8221;{&#8220;font_size&#8220;:&#8220;50px&#8220;,&#8220;line_height&#8220;:&#8220;1.5em&#8220;,&#8220;letter_spacing&#8220;:&#8220;-0.04em&#8220;}&#8221; css_animation=&#8221;wtbx-anim-fill-left&#8221; css_animation_easing=&#8221;wtbx_easing-natural&#8221; css_animation_duration=&#8221;wtbx-duration-1000&#8243; css_animation_delay=&#8221;&#8221;][vc_split_text text=&#8221;\u00dcr\u00fcn ve fiyat bilgisi i\u00e7in bize ula\u015fabilirsiniz!&#8221; wrapper=&#8221;p&#8221; color=&#8221;{&#8220;id&#8220;:&#8220;Light background&#8220;,&#8220;color&#8220;:&#8220;#f7f8fd&#8220;}&#8221; fill_color=&#8221;{&#8220;id&#8220;:&#8220;Light background&#8220;,&#8220;color&#8220;:&#8220;#f7f8fd&#8220;}&#8221; alignment=&#8221;&#8221; typography=&#8221;{&#8220;font_size&#8220;:&#8220;18px&#8220;}&#8221; css_animation=&#8221;wtbx-anim-fill-left&#8221; css_animation_easing=&#8221;wtbx-easing-sharp&#8221; css_animation_duration=&#8221;wtbx-duration-1000&#8243; css_animation_delay=&#8221;wtbx-delay-200&#8243;][\/vc_column][\/vc_row][vc_row row_width=&#8221;wtbx_stretch_row_content&#8221; nav_skin=&#8221;light&#8221; consent_include=&#8221;include&#8221; custom_bg_color=&#8221;{&#8220;solid&#8220;:{&#8220;id&#8220;:&#8220;Border color&#8220;,&#8220;color&#8220;:&#8220;#ebebf5&#8220;}}&#8221; el_design=&#8221;{&#8220;desktop&#8220;:{&#8220;margin-top&#8220;:&#8220;-50px&#8220;}}&#8221;][vc_column el_design=&#8221;{&#8220;desktop&#8220;:{&#8220;padding-top&#8220;:&#8220;0&#8220;,&#8220;padding-right&#8220;:&#8220;0&#8220;,&#8220;padding-bottom&#8220;:&#8220;0&#8220;,&#8220;padding-left&#8220;:&#8220;0&#8220;}}&#8221; css_animation=&#8221;&#8221;][vc_scape_google_map height=&#8221;0&#8243; color_scheme=&#8221;scheme_12&#8243; radius=&#8221;0&#8243; key=&#8221;AIzaSyCoOjcN08nHloEbbiAhbK6JISovIlS5x44&#8243; draggable=&#8221;true&#8221; scroll_zoom=&#8221;false&#8221; zoom_control=&#8221;true&#8221; streetview_control=&#8221;true&#8221; map_type_control=&#8221;true&#8221; centering=&#8221;manual&#8221; zoom=&#8221;11&#8243; lat=&#8221;40.91526&#8243; lng=&#8221;29.5066313&#8243; locations=&#8221;%5B%7B%22address%22%3A%22Sanayi%2C%2BTeknopark%2BBulvar%C4%B1%2C%2B34906%2BPendik%252F%C4%B0stanbul%22%2C%22state%22%3A%22on_click%22%2C%22marker_style%22%3A%22circle_pulse%22%7D%5D&#8221; css_animation=&#8221;&#8221;][\/vc_scape_google_map][\/vc_column][\/vc_row][vc_row max_width=&#8221;1000&#8243; nav_skin=&#8221;light&#8221; consent_include=&#8221;include&#8221; opposite_float=&#8221;true&#8221; el_design=&#8221;{&#8220;desktop&#8220;:{&#8220;padding-top&#8220;:&#8220;60&#8220;,&#8220;padding-bottom&#8220;:&#8220;60&#8220;}}&#8221; custom_bg_color=&#8221;{&#8220;solid&#8220;:{&#8220;id&#8220;:&#8220;custom_0404477941880197&#8220;,&#8220;color&#8220;:&#8220;#f7fbff&#8220;}}&#8221; row_id=&#8221;form&#8221;][vc_column el_design=&#8221;{&#8220;tablet_portrait&#8220;:{&#8220;padding-top&#8220;:&#8220;60&#8220;,&#8220;shift-vertical&#8220;:0},&#8220;desktop&#8220;:{&#8220;border-top-left-radius&#8220;:15,&#8220;border-top-right-radius&#8220;:15,&#8220;border-bottom-right-radius&#8220;:15,&#8220;border-bottom-left-radius&#8220;:15,&#8220;padding-top&#8220;:&#8220;15&#8220;,&#8220;padding-right&#8220;:&#8220;15&#8220;,&#8220;padding-bottom&#8220;:&#8220;15&#8220;,&#8220;padding-left&#8220;:&#8220;15&#8220;,&#8220;shift-vertical&#8220;:-195}}&#8221; width=&#8221;1\/3&#8243; css_animation=&#8221;&#8221;][vc_content_box style=&#8221;style_custom&#8221; shadow=&#8221;small_shadow&#8221; shadow_hover=&#8221;no_shadow&#8221; overflow=&#8221;&#8221; el_design=&#8221;{&#8220;desktop&#8220;:{&#8220;border-top-left-radius&#8220;:15,&#8220;border-top-right-radius&#8220;:15,&#8220;border-bottom-right-radius&#8220;:15,&#8220;border-bottom-left-radius&#8220;:15,&#8220;padding-top&#8220;:&#8220;30&#8220;,&#8220;padding-right&#8220;:&#8220;45&#8220;,&#8220;padding-bottom&#8220;:&#8220;45&#8220;,&#8220;padding-left&#8220;:&#8220;45&#8220;}}&#8221; border_hover=&#8221;default&#8221; equal_height=&#8221;&#8221; alignment=&#8221;&#8221; vertical_align=&#8221;&#8221; horizontal_align=&#8221;&#8221; css_animation=&#8221;&#8221; bg_color=&#8221;{&#8220;solid&#8220;:{&#8220;id&#8220;:&#8220;Light background&#8220;,&#8220;color&#8220;:&#8220;#e7ecf1&#8220;}}&#8221; el_class=&#8221;cf-minimal&#8221;][vc_text_element typography=&#8221;{&#8220;variants&#8220;:&#8220;400&#8220;,&#8220;font_size&#8220;:&#8220;13.3px&#8220;}&#8221; disable_margin=&#8221;yes&#8221; css_animation=&#8221;&#8221;]<\/p>\n<h5>\u0130leti\u015fim Bilgileri<\/h5>\n<p align=\"justify\">Bizimle ileti\u015fim formu veya mail adresimiz \u00fczerinden ileti\u015fime ge\u00e7ebilirsiniz.<\/p>\n<p><strong><a href=\"mailto:info@umayana.com\">info@umayana.com<\/a><\/strong>[\/vc_text_element][\/vc_content_box][vc_empty_space][vc_content_box style=&#8221;style_custom&#8221; shadow=&#8221;small_shadow&#8221; shadow_hover=&#8221;no_shadow&#8221; overflow=&#8221;&#8221; el_design=&#8221;{&#8220;desktop&#8220;:{&#8220;border-top-left-radius&#8220;:15,&#8220;border-top-right-radius&#8220;:15,&#8220;border-bottom-right-radius&#8220;:15,&#8220;border-bottom-left-radius&#8220;:15,&#8220;padding-top&#8220;:&#8220;30&#8220;,&#8220;padding-right&#8220;:&#8220;45&#8220;,&#8220;padding-bottom&#8220;:&#8220;45&#8220;,&#8220;padding-left&#8220;:&#8220;45&#8220;}}&#8221; border_hover=&#8221;default&#8221; equal_height=&#8221;&#8221; alignment=&#8221;&#8221; vertical_align=&#8221;&#8221; horizontal_align=&#8221;&#8221; css_animation=&#8221;&#8221; bg_color=&#8221;{&#8220;solid&#8220;:{&#8220;id&#8220;:&#8220;Light background&#8220;,&#8220;color&#8220;:&#8220;#e7ecf1&#8220;}}&#8221; el_class=&#8221;cf-minimal&#8221;][vc_text_element typography=&#8221;{&#8220;variants&#8220;:&#8220;400&#8220;,&#8220;font_size&#8220;:&#8220;13.3px&#8220;}&#8221; css_animation=&#8221;&#8221;]<\/p>\n<h5>Ar-Ge Merkezi<\/h5>\n<p>Sanayi Mah. Teknopark Bulvar\u0131<br \/>\n4\/C K\u00fcp Kulu\u00e7ka Merkezi No: Z08<br \/>\nPendik, \u0130stanbul \/ Turkey<\/p>\n<p><a href=\"https:\/\/goo.gl\/maps\/SLYw5BMKnuAXfjYh9\" target=\"_blank\" rel=\"noopener\">Haritadaki Yerimiz!<\/a>[\/vc_text_element][\/vc_content_box][\/vc_column][vc_column el_design=&#8221;{&#8220;tablet_portrait&#8220;:{&#8220;padding-right&#8220;:&#8220;15&#8220;},&#8220;desktop&#8220;:{&#8220;border-top-left-radius&#8220;:15,&#8220;border-top-right-radius&#8220;:15,&#8220;border-bottom-right-radius&#8220;:15,&#8220;border-bottom-left-radius&#8220;:15,&#8220;padding-top&#8220;:&#8220;15&#8220;,&#8220;padding-right&#8220;:&#8220;45&#8220;,&#8220;padding-bottom&#8220;:&#8220;15&#8220;,&#8220;padding-left&#8220;:&#8220;15&#8220;}}&#8221; width=&#8221;2\/3&#8243; css_animation=&#8221;&#8221; el_class=&#8221;cf-minimal&#8221; custom_bg_color=&#8221;{&#8220;solid&#8220;:{&#8220;id&#8220;:&#8220;Light background&#8220;,&#8220;color&#8220;:&#8220;#e7ecf1&#8220;}}&#8221;][vc_text_element typography=&#8221;{&#8220;variants&#8220;:&#8220;500&#8220;,&#8220;font_size&#8220;:&#8220;24px&#8220;,&#8220;letter_spacing&#8220;:&#8220;-0.04em&#8220;}&#8221; disable_margin=&#8221;yes&#8221; css_animation=&#8221;&#8221; color=&#8221;{&#8220;id&#8220;:&#8220;Dark color&#8220;,&#8220;color&#8220;:&#8220;#2d3543&#8220;}&#8221;]\u0130leti\u015fim Formu[\/vc_text_element][vc_empty_space]\n<div class=\"wpcf7 no-js\" id=\"wpcf7-f10649-o1\" lang=\"tr-TR\" dir=\"ltr\">\n<div class=\"screen-reader-response\"><p role=\"status\" aria-live=\"polite\" aria-atomic=\"true\"><\/p> <ul><\/ul><\/div>\n<form action=\"\/tr\/wp-json\/wp\/v2\/pages\/10650#wpcf7-f10649-o1\" method=\"post\" class=\"wpcf7-form init\" aria-label=\"\u0130leti\u015fim Formu\" novalidate=\"novalidate\" data-status=\"init\">\n<div style=\"display: none;\">\n<input type=\"hidden\" name=\"_wpcf7\" value=\"10649\" \/>\n<input type=\"hidden\" name=\"_wpcf7_version\" value=\"5.9.8\" \/>\n<input type=\"hidden\" name=\"_wpcf7_locale\" value=\"tr_TR\" \/>\n<input type=\"hidden\" name=\"_wpcf7_unit_tag\" value=\"wpcf7-f10649-o1\" \/>\n<input type=\"hidden\" name=\"_wpcf7_container_post\" value=\"0\" \/>\n<input type=\"hidden\" name=\"_wpcf7_posted_data_hash\" value=\"\" \/>\n<\/div>\n<p class=\"vc_col-sm-6 no-padding-left\"><br \/>\n<span class=\"wpcf7-form-control-wrap\" data-name=\"your-name\"><input size=\"40\" maxlength=\"400\" class=\"wpcf7-form-control wpcf7-text wpcf7-validates-as-required\" aria-required=\"true\" aria-invalid=\"false\" value=\"\" type=\"text\" name=\"your-name\" \/><\/span><br \/>\n<label for=\"your-name\">Ad\u0131n\u0131z ve Soyad\u0131n\u0131z*<\/label>\n<\/p>\n<p class=\"vc_col-sm-6 no-padding-right\"><br \/>\n<span class=\"wpcf7-form-control-wrap\" data-name=\"your-phone\"><input size=\"40\" maxlength=\"400\" class=\"wpcf7-form-control wpcf7-tel wpcf7-validates-as-required wpcf7-text wpcf7-validates-as-tel\" aria-required=\"true\" aria-invalid=\"false\" value=\"\" type=\"tel\" name=\"your-phone\" \/><\/span><br \/>\n<label for=\"your-phone\">Telefon Numaran\u0131z*<\/label>\n<\/p>\n<p class=\"vc_col-sm-6 no-padding-left\"><br \/>\n<span class=\"wpcf7-form-control-wrap\" data-name=\"your-email\"><input size=\"40\" maxlength=\"400\" class=\"wpcf7-form-control wpcf7-email wpcf7-validates-as-required wpcf7-text wpcf7-validates-as-email\" aria-required=\"true\" aria-invalid=\"false\" value=\"\" type=\"email\" name=\"your-email\" \/><\/span><br \/>\n<label for=\"your-email\">E-Posta Adresiniz*<\/label>\n<\/p>\n<p class=\"vc_col-sm-6 no-padding-right\"><br \/>\n<span class=\"wpcf7-form-control-wrap\" data-name=\"your-company\"><input size=\"40\" maxlength=\"400\" class=\"wpcf7-form-control wpcf7-text\" aria-invalid=\"false\" value=\"\" type=\"text\" name=\"your-company\" \/><\/span><br \/>\n<label for=\"your-company\">\u015eirketiniz<\/label>\n<\/p>\n<p class=\"vc_col-sm-12 no-padding-left no-padding-right\"><br \/>\n<span class=\"wpcf7-form-control-wrap\" data-name=\"your-message\"><textarea cols=\"40\" rows=\"10\" maxlength=\"2000\" class=\"wpcf7-form-control wpcf7-textarea\" aria-invalid=\"false\" name=\"your-message\"><\/textarea><\/span><br \/>\n<label for=\"your-message\">Mesaj\u0131n\u0131z<\/label>\n<\/p>\n<p class=\"vc_col-sm-12 no-padding-left no-padding-right\"><input class=\"wpcf7-form-control wpcf7-submit has-spinner\" type=\"submit\" value=\"Mesaj G\u00f6nder\" \/>\n<\/p><div class=\"wpcf7-response-output\" aria-hidden=\"true\"><\/div>\n<\/form>\n<\/div>\n[\/vc_column][\/vc_row]<\/p>\n<\/div>","protected":false},"excerpt":{"rendered":"<p>[vc_row row_width=&#8221;wtbx_stretch_row_content&#8221; min_height=&#8221;300&#8243; custom_bg_type=&#8221;image&#8221; custom_bg_cover=&#8221;cover&#8221; custom_bg_repeat=&#8221;no-repeat&#8221; custom_bg_position=&#8221;Center top&#8221; nav_skin=&#8221;light&#8221; consent_include=&#8221;include&#8221; custom_bg_color=&#8221;{&#8220;solid&#8220;:{&#8220;id&#8220;:&#8220;Dark color&#8220;,&#8220;color&#8220;:&#8220;#151221&#8220;}}&#8221; overlay_color=&#8221;{&#8220;dir&#8220;:&#8220;to top&#8220;,&#8220;from&#8220;:{&#8220;id&#8220;:&#8220;custom_color&#8220;,&#8220;color&#8220;:&#8220;rgba(21,20,36,0.8)&#8220;},&#8220;to&#8220;:{&#8220;id&#8220;:&#8220;custom_color&#8220;,&#8220;color&#8220;:&#8220;rgba(21,20,36,0.4)&#8220;}}&#8221; custom_bg_image=&#8221;9917&#8243;][vc_column el_design=&#8221;{&#8220;desktop&#8220;:{&#8220;padding-top&#8220;:&#8220;0&#8220;,&#8220;padding-right&#8220;:&#8220;0&#8220;,&#8220;padding-bottom&#8220;:&#8220;0&#8220;,&#8220;padding-left&#8220;:&#8220;0&#8220;}}&#8221; css_animation=&#8221;&#8221;][\/vc_column][\/vc_row][vc_row max_width=&#8221;1020&#8243; nav_skin=&#8221;light&#8221; consent_include=&#8221;include&#8221; custom_bg_color=&#8221;{&#8220;solid&#8220;:{&#8220;id&#8220;:&#8220;Light background&#8220;,&#8220;color&#8220;:&#8220;#f7f8fd&#8220;}}&#8221;][vc_column el_design=&#8221;{&#8220;mobile_portrait&#8220;:{&#8220;padding-right&#8220;:&#8220;30&#8220;,&#8220;padding-left&#8220;:&#8220;30&#8220;},&#8220;mobile_landscape&#8220;:{&#8220;padding-right&#8220;:&#8220;15&#8220;,&#8220;padding-left&#8220;:&#8220;15&#8220;},&#8220;desktop&#8220;:{&#8220;padding-top&#8220;:&#8220;15&#8220;,&#8220;padding-right&#8220;:&#8220;15&#8220;,&#8220;padding-bottom&#8220;:&#8220;15&#8220;,&#8220;padding-left&#8220;:&#8220;15&#8220;,&#8220;shift-vertical&#8220;:-200}}&#8221; css_animation=&#8221;&#8221;][vc_split_text text=&#8221;\u0130leti\u015fime Ge\u00e7in!&#8221; wrapper=&#8221;h1&#8243; color=&#8221;{&#8220;id&#8220;:&#8220;Light background&#8220;,&#8220;color&#8220;:&#8220;#f7f8fd&#8220;}&#8221; fill_color=&#8221;{&#8220;id&#8220;:&#8220;Light background&#8220;,&#8220;color&#8220;:&#8220;#f7f8fd&#8220;}&#8221; alignment=&#8221;&#8221; typography=&#8221;{&#8220;font_size&#8220;:&#8220;50px&#8220;,&#8220;line_height&#8220;:&#8220;1.5em&#8220;,&#8220;letter_spacing&#8220;:&#8220;-0.04em&#8220;}&#8221; css_animation=&#8221;wtbx-anim-fill-left&#8221; css_animation_easing=&#8221;wtbx_easing-natural&#8221; css_animation_duration=&#8221;wtbx-duration-1000&#8243; css_animation_delay=&#8221;&#8221;][vc_split_text text=&#8221;\u00dcr\u00fcn ve fiyat bilgisi i\u00e7in bize ula\u015fabilirsiniz!&#8221; wrapper=&#8221;p&#8221; color=&#8221;{&#8220;id&#8220;:&#8220;Light background&#8220;,&#8220;color&#8220;:&#8220;#f7f8fd&#8220;}&#8221; fill_color=&#8221;{&#8220;id&#8220;:&#8220;Light background&#8220;,&#8220;color&#8220;:&#8220;#f7f8fd&#8220;}&#8221; alignment=&#8221;&#8221; typography=&#8221;{&#8220;font_size&#8220;:&#8220;18px&#8220;}&#8221; css_animation=&#8221;wtbx-anim-fill-left&#8221; css_animation_easing=&#8221;wtbx-easing-sharp&#8221; css_animation_duration=&#8221;wtbx-duration-1000&#8243; css_animation_delay=&#8221;wtbx-delay-200&#8243;][\/vc_column][\/vc_row][vc_row row_width=&#8221;wtbx_stretch_row_content&#8221; nav_skin=&#8221;light&#8221; consent_include=&#8221;include&#8221; custom_bg_color=&#8221;{&#8220;solid&#8220;:{&#8220;id&#8220;:&#8220;Border color&#8220;,&#8220;color&#8220;:&#8220;#ebebf5&#8220;}}&#8221; el_design=&#8221;{&#8220;desktop&#8220;:{&#8220;margin-top&#8220;:&#8220;-50px&#8220;}}&#8221;][vc_column el_design=&#8221;{&#8220;desktop&#8220;:{&#8220;padding-top&#8220;:&#8220;0&#8220;,&#8220;padding-right&#8220;:&#8220;0&#8220;,&#8220;padding-bottom&#8220;:&#8220;0&#8220;,&#8220;padding-left&#8220;:&#8220;0&#8220;}}&#8221; css_animation=&#8221;&#8221;][vc_scape_google_map height=&#8221;0&#8243; color_scheme=&#8221;scheme_12&#8243; radius=&#8221;0&#8243; key=&#8221;AIzaSyCoOjcN08nHloEbbiAhbK6JISovIlS5x44&#8243; draggable=&#8221;true&#8221; scroll_zoom=&#8221;false&#8221; zoom_control=&#8221;true&#8221; streetview_control=&#8221;true&#8221; map_type_control=&#8221;true&#8221; centering=&#8221;manual&#8221; zoom=&#8221;11&#8243; lat=&#8221;40.91526&#8243; [&hellip;]<\/p>\n","protected":false},"author":1,"featured_media":0,"parent":0,"menu_order":0,"comment_status":"closed","ping_status":"closed","template":"","meta":{"footnotes":""},"class_list":["post-10650","page","type-page","status-publish","hentry"],"yoast_head":"<!-- This site is optimized with the Yoast SEO Premium plugin v19.3 (Yoast SEO v23.2) - https:\/\/yoast.com\/wordpress\/plugins\/seo\/ -->\n<title>\u0130leti\u015fim - Umayana Biotechnology\u00ae<\/title>\n<meta name=\"robots\" content=\"index, follow, max-snippet:-1, max-image-preview:large, max-video-preview:-1\" \/>\n<link rel=\"canonical\" href=\"https:\/\/umayanabiotechnology.com\/tr\/iletisim\/\" \/>\n<meta name=\"twitter:label1\" content=\"Tahmini okuma s\u00fcresi\" \/>\n\t<meta name=\"twitter:data1\" content=\"3 dakika\" \/>\n<script type=\"application\/ld+json\" class=\"yoast-schema-graph\">{\"@context\":\"https:\/\/schema.org\",\"@graph\":[{\"@type\":\"WebPage\",\"@id\":\"https:\/\/umayanabiotechnology.com\/tr\/iletisim\/\",\"url\":\"https:\/\/umayanabiotechnology.com\/tr\/iletisim\/\",\"name\":\"\u0130leti\u015fim - Umayana Biotechnology\u00ae\",\"isPartOf\":{\"@id\":\"https:\/\/umayanabiotechnology.com\/#website\"},\"datePublished\":\"2018-01-25T17:17:24+00:00\",\"dateModified\":\"2024-11-16T09:11:13+00:00\",\"breadcrumb\":{\"@id\":\"https:\/\/umayanabiotechnology.com\/tr\/iletisim\/#breadcrumb\"},\"inLanguage\":\"tr\",\"potentialAction\":[{\"@type\":\"ReadAction\",\"target\":[\"https:\/\/umayanabiotechnology.com\/tr\/iletisim\/\"]}]},{\"@type\":\"BreadcrumbList\",\"@id\":\"https:\/\/umayanabiotechnology.com\/tr\/iletisim\/#breadcrumb\",\"itemListElement\":[{\"@type\":\"ListItem\",\"position\":1,\"name\":\"Home\",\"item\":\"https:\/\/umayanabiotechnology.com\/tr\/\"},{\"@type\":\"ListItem\",\"position\":2,\"name\":\"\u0130leti\u015fim\"}]},{\"@type\":\"WebSite\",\"@id\":\"https:\/\/umayanabiotechnology.com\/#website\",\"url\":\"https:\/\/umayanabiotechnology.com\/\",\"name\":\"Umayana Biotechnology\u00ae\",\"description\":\"\",\"potentialAction\":[{\"@type\":\"SearchAction\",\"target\":{\"@type\":\"EntryPoint\",\"urlTemplate\":\"https:\/\/umayanabiotechnology.com\/?s={search_term_string}\"},\"query-input\":\"required name=search_term_string\"}],\"inLanguage\":\"tr\"}]}<\/script>\n<!-- \/ Yoast SEO Premium plugin. -->","yoast_head_json":{"title":"\u0130leti\u015fim - Umayana Biotechnology\u00ae","robots":{"index":"index","follow":"follow","max-snippet":"max-snippet:-1","max-image-preview":"max-image-preview:large","max-video-preview":"max-video-preview:-1"},"canonical":"https:\/\/umayanabiotechnology.com\/tr\/iletisim\/","twitter_misc":{"Tahmini okuma s\u00fcresi":"3 dakika"},"schema":{"@context":"https:\/\/schema.org","@graph":[{"@type":"WebPage","@id":"https:\/\/umayanabiotechnology.com\/tr\/iletisim\/","url":"https:\/\/umayanabiotechnology.com\/tr\/iletisim\/","name":"\u0130leti\u015fim - Umayana Biotechnology\u00ae","isPartOf":{"@id":"https:\/\/umayanabiotechnology.com\/#website"},"datePublished":"2018-01-25T17:17:24+00:00","dateModified":"2024-11-16T09:11:13+00:00","breadcrumb":{"@id":"https:\/\/umayanabiotechnology.com\/tr\/iletisim\/#breadcrumb"},"inLanguage":"tr","potentialAction":[{"@type":"ReadAction","target":["https:\/\/umayanabiotechnology.com\/tr\/iletisim\/"]}]},{"@type":"BreadcrumbList","@id":"https:\/\/umayanabiotechnology.com\/tr\/iletisim\/#breadcrumb","itemListElement":[{"@type":"ListItem","position":1,"name":"Home","item":"https:\/\/umayanabiotechnology.com\/tr\/"},{"@type":"ListItem","position":2,"name":"\u0130leti\u015fim"}]},{"@type":"WebSite","@id":"https:\/\/umayanabiotechnology.com\/#website","url":"https:\/\/umayanabiotechnology.com\/","name":"Umayana Biotechnology\u00ae","description":"","potentialAction":[{"@type":"SearchAction","target":{"@type":"EntryPoint","urlTemplate":"https:\/\/umayanabiotechnology.com\/?s={search_term_string}"},"query-input":"required name=search_term_string"}],"inLanguage":"tr"}]}},"_links":{"self":[{"href":"https:\/\/umayanabiotechnology.com\/tr\/wp-json\/wp\/v2\/pages\/10650","targetHints":{"allow":["GET"]}}],"collection":[{"href":"https:\/\/umayanabiotechnology.com\/tr\/wp-json\/wp\/v2\/pages"}],"about":[{"href":"https:\/\/umayanabiotechnology.com\/tr\/wp-json\/wp\/v2\/types\/page"}],"author":[{"embeddable":true,"href":"https:\/\/umayanabiotechnology.com\/tr\/wp-json\/wp\/v2\/users\/1"}],"replies":[{"embeddable":true,"href":"https:\/\/umayanabiotechnology.com\/tr\/wp-json\/wp\/v2\/comments?post=10650"}],"version-history":[{"count":9,"href":"https:\/\/umayanabiotechnology.com\/tr\/wp-json\/wp\/v2\/pages\/10650\/revisions"}],"predecessor-version":[{"id":11416,"href":"https:\/\/umayanabiotechnology.com\/tr\/wp-json\/wp\/v2\/pages\/10650\/revisions\/11416"}],"wp:attachment":[{"href":"https:\/\/umayanabiotechnology.com\/tr\/wp-json\/wp\/v2\/media?parent=10650"}],"curies":[{"name":"wp","href":"https:\/\/api.w.org\/{rel}","templated":true}]}}