{"id":10705,"date":"2018-01-24T20:29:11","date_gmt":"2018-01-24T17:29:11","guid":{"rendered":"https:\/\/umayanabiotechnology.com\/?page_id=10705"},"modified":"2024-11-13T20:05:22","modified_gmt":"2024-11-13T17:05:22","slug":"sertifikalar","status":"publish","type":"page","link":"https:\/\/umayanabiotechnology.com\/tr\/sertifikalar\/","title":{"rendered":"Sertifikalar"},"content":{"rendered":"<div class=\"wpb-content-wrapper\"><p>[vc_row content_placement=&#8221;middle&#8221; nav_skin=&#8221;light&#8221; consent_include=&#8221;include&#8221; equal_height=&#8221;true&#8221; el_design=&#8221;{&#8220;desktop&#8220;:{&#8220;padding-top&#8220;:60,&#8220;padding-bottom&#8220;:60}}&#8221;][vc_column el_design=&#8221;{&#8220;desktop&#8220;:{&#8220;padding-top&#8220;:15,&#8220;padding-right&#8220;:30,&#8220;padding-bottom&#8220;:15,&#8220;padding-left&#8220;:30}}&#8221; width=&#8221;1\/4&#8243; css_animation=&#8221;&#8221;][vc_image_element image=&#8221;10809&#8243; alignment=&#8221;center&#8221; radius=&#8221;&#8221; lazy=&#8221;0&#8243; preloader=&#8221;&#8221; css_animation=&#8221;wtbx-anim-left-to-right-small&#8221; css_animation_easing=&#8221;wtbx_easing-natural&#8221; css_animation_duration=&#8221;wtbx-duration-1000&#8243; css_animation_delay=&#8221;&#8221;][\/vc_column][vc_column el_design=&#8221;{&#8220;desktop&#8220;:{&#8220;padding-top&#8220;:15,&#8220;padding-right&#8220;:30,&#8220;padding-bottom&#8220;:15,&#8220;padding-left&#8220;:30}}&#8221; width=&#8221;3\/4&#8243; css_animation=&#8221;&#8221;][vc_heading heading_text=&#8221;ISO 13485 &#8211; T\u0131bbi Cihazlar Kalite Y\u00f6netim Sistemleri&#8221; heading_wrapper=&#8221;h5&#8243; alignment=&#8221;align_left&#8221; heading_typography=&#8221;{&#8220;variants&#8220;:&#8220;600&#8220;,&#8220;font_size&#8220;:&#8220;24px&#8220;}&#8221; css_animation=&#8221;&#8221;][vc_empty_space][vc_text_element typography=&#8221;{&#8220;font_size&#8220;:&#8220;18px&#8220;}&#8221; css_animation=&#8221;&#8221;]<\/p>\n<p align=\"justify\"><strong>ISO 13485<\/strong>, <strong>t\u0131bbi cihazlar<\/strong> ve ilgili hizmetler i\u00e7in bir <strong>kalite y\u00f6netim sistemi<\/strong> standard\u0131d\u0131r. Bir kurulu\u015fun, m\u00fc\u015fteri \u015fartlar\u0131n\u0131 ve y\u00fcr\u00fcrl\u00fckteki mevzuat gerekliliklerini tutarl\u0131 bir \u015fekilde kar\u015f\u0131layan t\u0131bbi cihazlar ve ilgili hizmetleri sa\u011flama yetene\u011fini g\u00f6stermesi i\u00e7in gereklilikleri belirtir. <strong>Standart, Uluslararas\u0131 Standardizasyon \u00d6rg\u00fct\u00fc<\/strong> (<strong>ISO<\/strong>) taraf\u0131ndan yay\u0131nlan\u0131r ve t\u0131bbi cihaz end\u00fcstrisinde <strong>kalite y\u00f6netimi<\/strong> i\u00e7in en yayg\u0131n kullan\u0131lan uluslararas\u0131 standartt\u0131r. <a href=\"https:\/\/umayanabiotechnology.com\/pdf\/iso-13485-tr.pdf\" target=\"_blank\" rel=\"noopener\">Bu link<\/a> \u00fczerinden <strong>sertifikam\u0131z\u0131<\/strong> inceleyebilirsiniz.<\/p>\n<p>[\/vc_text_element][\/vc_column][\/vc_row][vc_row content_placement=&#8221;middle&#8221; nav_skin=&#8221;light&#8221; consent_include=&#8221;include&#8221; equal_height=&#8221;true&#8221; el_design=&#8221;{&#8220;desktop&#8220;:{&#8220;padding-top&#8220;:60,&#8220;padding-bottom&#8220;:60}}&#8221; custom_bg_color=&#8221;{&#8220;solid&#8220;:{&#8220;id&#8220;:&#8220;Light background&#8220;,&#8220;color&#8220;:&#8220;#f9fafb&#8220;}}&#8221;][vc_column el_design=&#8221;{&#8220;desktop&#8220;:{&#8220;padding-top&#8220;:15,&#8220;padding-right&#8220;:30,&#8220;padding-bottom&#8220;:15,&#8220;padding-left&#8220;:30}}&#8221; width=&#8221;3\/4&#8243; css_animation=&#8221;&#8221;][vc_heading heading_text=&#8221;ISO 27001 Bilgi G\u00fcvenli\u011fi Y\u00f6netim Sistemleri&#8221; heading_wrapper=&#8221;h5&#8243; alignment=&#8221;align_left&#8221; heading_typography=&#8221;{&#8220;variants&#8220;:&#8220;600&#8220;,&#8220;font_size&#8220;:&#8220;24px&#8220;}&#8221; css_animation=&#8221;&#8221;][vc_empty_space][vc_text_element typography=&#8221;{&#8220;font_size&#8220;:&#8220;18px&#8220;}&#8221; css_animation=&#8221;&#8221;]<\/p>\n<p align=\"justify\"><strong>ISO\/IEC 27001<\/strong>, bir <strong>bilgi g\u00fcvenli\u011fi y\u00f6netim sistemi<\/strong> (ISMS)12345 olu\u015fturmak, izlemek ve iyile\u015ftirmek i\u00e7in \u00f6nerilen gereksinimleri \u00f6zetleyen uluslararas\u0131 bir standartt\u0131r. <strong>BGYS<\/strong>, finansal veriler, fikri m\u00fclkiyet, m\u00fc\u015fteri detaylar\u0131 ve \u00e7al\u0131\u015fan kay\u0131tlar\u0131 gibi bir kurulu\u015fun hassas bilgilerini korumaya ve y\u00f6netmeye y\u00f6nelik bir dizi ilkedir. <a href=\"https:\/\/umayanabiotechnology.com\/pdf\/iso-27001-tr.pdf\" target=\"_blank\" rel=\"noopener\">Bu link<\/a> \u00fczerinden <strong>sertifikam\u0131z\u0131<\/strong> inceleyebilirsiniz.<\/p>\n<p>[\/vc_text_element][\/vc_column][vc_column el_design=&#8221;{&#8220;desktop&#8220;:{&#8220;padding-top&#8220;:15,&#8220;padding-right&#8220;:30,&#8220;padding-bottom&#8220;:15,&#8220;padding-left&#8220;:30}}&#8221; width=&#8221;1\/4&#8243; css_animation=&#8221;&#8221;][vc_image_element image=&#8221;10824&#8243; alignment=&#8221;center&#8221; shadow=&#8221;shadow_small&#8221; radius=&#8221;8&#8243; preloader=&#8221;&#8221; css_animation=&#8221;wtbx-anim-right-to-left-small&#8221; css_animation_easing=&#8221;wtbx_easing-natural&#8221; css_animation_duration=&#8221;wtbx-duration-1000&#8243; css_animation_delay=&#8221;&#8221;][\/vc_column][\/vc_row][vc_row content_placement=&#8221;middle&#8221; nav_skin=&#8221;light&#8221; consent_include=&#8221;include&#8221; equal_height=&#8221;true&#8221; el_design=&#8221;{&#8220;desktop&#8220;:{&#8220;padding-top&#8220;:60,&#8220;padding-bottom&#8220;:60}}&#8221;][vc_column el_design=&#8221;{&#8220;desktop&#8220;:{&#8220;padding-top&#8220;:15,&#8220;padding-right&#8220;:30,&#8220;padding-bottom&#8220;:15,&#8220;padding-left&#8220;:30}}&#8221; width=&#8221;1\/4&#8243; css_animation=&#8221;&#8221;][vc_image_element image=&#8221;11387&#8243; alignment=&#8221;center&#8221; radius=&#8221;&#8221; lazy=&#8221;0&#8243; preloader=&#8221;&#8221; css_animation=&#8221;wtbx-anim-left-to-right-small&#8221; css_animation_easing=&#8221;wtbx_easing-natural&#8221; css_animation_duration=&#8221;wtbx-duration-1000&#8243; css_animation_delay=&#8221;&#8221;][\/vc_column][vc_column el_design=&#8221;{&#8220;desktop&#8220;:{&#8220;padding-top&#8220;:15,&#8220;padding-right&#8220;:30,&#8220;padding-bottom&#8220;:15,&#8220;padding-left&#8220;:30}}&#8221; width=&#8221;3\/4&#8243; css_animation=&#8221;&#8221;][vc_heading heading_text=&#8221;MASCC Certificate&#8221; heading_wrapper=&#8221;h5&#8243; alignment=&#8221;align_left&#8221; heading_typography=&#8221;{&#8220;variants&#8220;:&#8220;600&#8220;,&#8220;font_size&#8220;:&#8220;24px&#8220;}&#8221; css_animation=&#8221;&#8221;][vc_empty_space][vc_text_element typography=&#8221;{&#8220;font_size&#8220;:&#8220;18px&#8220;}&#8221; css_animation=&#8221;&#8221;]<\/p>\n<p align=\"justify\"><strong>MASCC<\/strong>\u00a0certification program recognizes oncology centers worldwide that demonstrate best practices in supportive care in cancer.<\/p>\n<p>[\/vc_text_element][\/vc_column][\/vc_row][vc_row content_placement=&#8221;middle&#8221; nav_skin=&#8221;light&#8221; consent_include=&#8221;include&#8221; equal_height=&#8221;true&#8221; el_design=&#8221;{&#8220;desktop&#8220;:{&#8220;padding-top&#8220;:60,&#8220;padding-bottom&#8220;:60}}&#8221; custom_bg_color=&#8221;{&#8220;solid&#8220;:{&#8220;id&#8220;:&#8220;Light background&#8220;,&#8220;color&#8220;:&#8220;#f9fafb&#8220;}}&#8221;][vc_column el_design=&#8221;{&#8220;desktop&#8220;:{&#8220;padding-top&#8220;:15,&#8220;padding-right&#8220;:30,&#8220;padding-bottom&#8220;:15,&#8220;padding-left&#8220;:30}}&#8221; width=&#8221;3\/4&#8243; css_animation=&#8221;&#8221;][vc_heading heading_text=&#8221;Serbest Sat\u0131\u015f Sertifikas\u0131&#8221; heading_wrapper=&#8221;h5&#8243; alignment=&#8221;align_left&#8221; heading_typography=&#8221;{&#8220;variants&#8220;:&#8220;600&#8220;,&#8220;font_size&#8220;:&#8220;24px&#8220;}&#8221; css_animation=&#8221;&#8221;][vc_empty_space][vc_text_element typography=&#8221;{&#8220;font_size&#8220;:&#8220;18px&#8220;}&#8221; css_animation=&#8221;&#8221;]<\/p>\n<p align=\"justify\">Serbest Sat\u0131\u015f Sertifikas\u0131, T\u00fcrkiye&#8217;den di\u011fer \u00fclkelere \u00fcr\u00fcn ihra\u00e7 etmek i\u00e7in gerekli olabilecek bir belgedir. Bu sertifika, \u00fcr\u00fcnlerin belirli bir \u00fclkede yasal olarak sat\u0131labilece\u011fini ve mevzuata uygun olarak \u00fcretildi\u011fini g\u00f6sterir. Bu nedenle \u00fcr\u00fcnlerini yurt d\u0131\u015f\u0131na ihra\u00e7 etmek isteyen firmalar i\u00e7in hayati \u00f6nem ta\u015f\u0131maktad\u0131r. Kozmetik \u00fcr\u00fcnlerin ihracat\u0131nda Serbest Sat\u0131\u015f Sertifikas\u0131 al\u0131nmas\u0131 da \u015fartt\u0131r.<\/p>\n<p>[\/vc_text_element][\/vc_column][vc_column el_design=&#8221;{&#8220;desktop&#8220;:{&#8220;padding-top&#8220;:15,&#8220;padding-right&#8220;:30,&#8220;padding-bottom&#8220;:15,&#8220;padding-left&#8220;:30}}&#8221; width=&#8221;1\/4&#8243; css_animation=&#8221;&#8221;][vc_image_element image=&#8221;11389&#8243; alignment=&#8221;center&#8221; shadow=&#8221;shadow_small&#8221; radius=&#8221;8&#8243; preloader=&#8221;&#8221; css_animation=&#8221;wtbx-anim-right-to-left-small&#8221; css_animation_easing=&#8221;wtbx_easing-natural&#8221; css_animation_duration=&#8221;wtbx-duration-1000&#8243; css_animation_delay=&#8221;&#8221;][\/vc_column][\/vc_row][vc_row content_placement=&#8221;middle&#8221; nav_skin=&#8221;light&#8221; consent_include=&#8221;include&#8221; equal_height=&#8221;true&#8221; el_design=&#8221;{&#8220;desktop&#8220;:{&#8220;padding-top&#8220;:60,&#8220;padding-bottom&#8220;:60}}&#8221;][vc_column el_design=&#8221;{&#8220;desktop&#8220;:{&#8220;padding-top&#8220;:15,&#8220;padding-right&#8220;:30,&#8220;padding-bottom&#8220;:15,&#8220;padding-left&#8220;:30}}&#8221; width=&#8221;1\/4&#8243; css_animation=&#8221;&#8221;][vc_image_element image=&#8221;11392&#8243; alignment=&#8221;center&#8221; radius=&#8221;&#8221; lazy=&#8221;0&#8243; preloader=&#8221;&#8221; css_animation=&#8221;wtbx-anim-left-to-right-small&#8221; css_animation_easing=&#8221;wtbx_easing-natural&#8221; css_animation_duration=&#8221;wtbx-duration-1000&#8243; css_animation_delay=&#8221;&#8221;][\/vc_column][vc_column el_design=&#8221;{&#8220;desktop&#8220;:{&#8220;padding-top&#8220;:15,&#8220;padding-right&#8220;:30,&#8220;padding-bottom&#8220;:15,&#8220;padding-left&#8220;:30}}&#8221; width=&#8221;3\/4&#8243; css_animation=&#8221;&#8221;][vc_heading heading_text=&#8221;EEN Action Plan&#8221; heading_wrapper=&#8221;h5&#8243; alignment=&#8221;align_left&#8221; heading_typography=&#8221;{&#8220;variants&#8220;:&#8220;600&#8220;,&#8220;font_size&#8220;:&#8220;24px&#8220;}&#8221; css_animation=&#8221;&#8221;][vc_empty_space][\/vc_column][\/vc_row][vc_row content_placement=&#8221;middle&#8221; nav_skin=&#8221;light&#8221; consent_include=&#8221;include&#8221; equal_height=&#8221;true&#8221; el_design=&#8221;{&#8220;desktop&#8220;:{&#8220;padding-top&#8220;:60,&#8220;padding-bottom&#8220;:60}}&#8221; custom_bg_color=&#8221;{&#8220;solid&#8220;:{&#8220;id&#8220;:&#8220;Light background&#8220;,&#8220;color&#8220;:&#8220;#f9fafb&#8220;}}&#8221;][vc_column el_design=&#8221;{&#8220;desktop&#8220;:{&#8220;padding-top&#8220;:15,&#8220;padding-right&#8220;:30,&#8220;padding-bottom&#8220;:15,&#8220;padding-left&#8220;:30}}&#8221; width=&#8221;3\/4&#8243; css_animation=&#8221;&#8221;][vc_heading heading_text=&#8221;Marka Tescil Belgesi&#8221; heading_wrapper=&#8221;h5&#8243; alignment=&#8221;align_left&#8221; heading_typography=&#8221;{&#8220;variants&#8220;:&#8220;600&#8220;,&#8220;font_size&#8220;:&#8220;24px&#8220;}&#8221; css_animation=&#8221;&#8221;][vc_empty_space][\/vc_column][vc_column el_design=&#8221;{&#8220;desktop&#8220;:{&#8220;padding-top&#8220;:15,&#8220;padding-right&#8220;:30,&#8220;padding-bottom&#8220;:15,&#8220;padding-left&#8220;:30}}&#8221; width=&#8221;1\/4&#8243; css_animation=&#8221;&#8221;][vc_image_element image=&#8221;11398&#8243; alignment=&#8221;center&#8221; shadow=&#8221;shadow_small&#8221; radius=&#8221;8&#8243; preloader=&#8221;&#8221; css_animation=&#8221;wtbx-anim-right-to-left-small&#8221; css_animation_easing=&#8221;wtbx_easing-natural&#8221; css_animation_duration=&#8221;wtbx-duration-1000&#8243; css_animation_delay=&#8221;&#8221;][\/vc_column][\/vc_row][vc_row content_placement=&#8221;middle&#8221; nav_skin=&#8221;light&#8221; consent_include=&#8221;include&#8221; equal_height=&#8221;true&#8221; el_design=&#8221;{&#8220;desktop&#8220;:{&#8220;padding-top&#8220;:60,&#8220;padding-bottom&#8220;:60}}&#8221;][vc_column el_design=&#8221;{&#8220;desktop&#8220;:{&#8220;padding-top&#8220;:15,&#8220;padding-right&#8220;:30,&#8220;padding-bottom&#8220;:15,&#8220;padding-left&#8220;:30}}&#8221; width=&#8221;1\/4&#8243; css_animation=&#8221;&#8221;][vc_image_element image=&#8221;11400&#8243; alignment=&#8221;center&#8221; radius=&#8221;&#8221; lazy=&#8221;0&#8243; preloader=&#8221;&#8221; css_animation=&#8221;wtbx-anim-left-to-right-small&#8221; css_animation_easing=&#8221;wtbx_easing-natural&#8221; css_animation_duration=&#8221;wtbx-duration-1000&#8243; css_animation_delay=&#8221;&#8221;][\/vc_column][vc_column el_design=&#8221;{&#8220;desktop&#8220;:{&#8220;padding-top&#8220;:15,&#8220;padding-right&#8220;:30,&#8220;padding-bottom&#8220;:15,&#8220;padding-left&#8220;:30}}&#8221; width=&#8221;3\/4&#8243; css_animation=&#8221;&#8221;][vc_heading heading_text=&#8221;Proje Tamamlama Belgesi&#8221; heading_wrapper=&#8221;h5&#8243; alignment=&#8221;align_left&#8221; heading_typography=&#8221;{&#8220;variants&#8220;:&#8220;600&#8220;,&#8220;font_size&#8220;:&#8220;24px&#8220;}&#8221; css_animation=&#8221;&#8221;][vc_empty_space][\/vc_column][\/vc_row][vc_row content_placement=&#8221;middle&#8221; nav_skin=&#8221;light&#8221; consent_include=&#8221;include&#8221; equal_height=&#8221;true&#8221; el_design=&#8221;{&#8220;desktop&#8220;:{&#8220;padding-top&#8220;:60,&#8220;padding-bottom&#8220;:60}}&#8221; custom_bg_color=&#8221;{&#8220;solid&#8220;:{&#8220;id&#8220;:&#8220;Light background&#8220;,&#8220;color&#8220;:&#8220;#f9fafb&#8220;}}&#8221;][vc_column el_design=&#8221;{&#8220;desktop&#8220;:{&#8220;padding-top&#8220;:15,&#8220;padding-right&#8220;:30,&#8220;padding-bottom&#8220;:15,&#8220;padding-left&#8220;:30}}&#8221; width=&#8221;3\/4&#8243; css_animation=&#8221;&#8221;][vc_heading heading_text=&#8221;T\u0131bbi Cihaz Sat\u0131\u015f Yetki Belgesi&#8221; heading_wrapper=&#8221;h5&#8243; alignment=&#8221;align_left&#8221; heading_typography=&#8221;{&#8220;variants&#8220;:&#8220;600&#8220;,&#8220;font_size&#8220;:&#8220;24px&#8220;}&#8221; css_animation=&#8221;&#8221;][vc_empty_space][\/vc_column][vc_column el_design=&#8221;{&#8220;desktop&#8220;:{&#8220;padding-top&#8220;:15,&#8220;padding-right&#8220;:30,&#8220;padding-bottom&#8220;:15,&#8220;padding-left&#8220;:30}}&#8221; width=&#8221;1\/4&#8243; css_animation=&#8221;&#8221;][vc_image_element image=&#8221;11402&#8243; alignment=&#8221;center&#8221; shadow=&#8221;shadow_small&#8221; radius=&#8221;8&#8243; preloader=&#8221;&#8221; css_animation=&#8221;wtbx-anim-right-to-left-small&#8221; css_animation_easing=&#8221;wtbx_easing-natural&#8221; css_animation_duration=&#8221;wtbx-duration-1000&#8243; css_animation_delay=&#8221;&#8221;][\/vc_column][\/vc_row]<\/p>\n<\/div>","protected":false},"excerpt":{"rendered":"<p>[vc_row content_placement=&#8221;middle&#8221; nav_skin=&#8221;light&#8221; consent_include=&#8221;include&#8221; equal_height=&#8221;true&#8221; el_design=&#8221;{&#8220;desktop&#8220;:{&#8220;padding-top&#8220;:60,&#8220;padding-bottom&#8220;:60}}&#8221;][vc_column el_design=&#8221;{&#8220;desktop&#8220;:{&#8220;padding-top&#8220;:15,&#8220;padding-right&#8220;:30,&#8220;padding-bottom&#8220;:15,&#8220;padding-left&#8220;:30}}&#8221; width=&#8221;1\/4&#8243; css_animation=&#8221;&#8221;][vc_image_element image=&#8221;10809&#8243; alignment=&#8221;center&#8221; radius=&#8221;&#8221; lazy=&#8221;0&#8243; preloader=&#8221;&#8221; css_animation=&#8221;wtbx-anim-left-to-right-small&#8221; css_animation_easing=&#8221;wtbx_easing-natural&#8221; css_animation_duration=&#8221;wtbx-duration-1000&#8243; css_animation_delay=&#8221;&#8221;][\/vc_column][vc_column el_design=&#8221;{&#8220;desktop&#8220;:{&#8220;padding-top&#8220;:15,&#8220;padding-right&#8220;:30,&#8220;padding-bottom&#8220;:15,&#8220;padding-left&#8220;:30}}&#8221; width=&#8221;3\/4&#8243; css_animation=&#8221;&#8221;][vc_heading heading_text=&#8221;ISO 13485 &#8211; T\u0131bbi Cihazlar Kalite Y\u00f6netim Sistemleri&#8221; heading_wrapper=&#8221;h5&#8243; alignment=&#8221;align_left&#8221; heading_typography=&#8221;{&#8220;variants&#8220;:&#8220;600&#8220;,&#8220;font_size&#8220;:&#8220;24px&#8220;}&#8221; css_animation=&#8221;&#8221;][vc_empty_space][vc_text_element typography=&#8221;{&#8220;font_size&#8220;:&#8220;18px&#8220;}&#8221; css_animation=&#8221;&#8221;] ISO 13485, t\u0131bbi cihazlar ve ilgili hizmetler i\u00e7in bir kalite y\u00f6netim sistemi standard\u0131d\u0131r. Bir kurulu\u015fun, m\u00fc\u015fteri \u015fartlar\u0131n\u0131 ve y\u00fcr\u00fcrl\u00fckteki mevzuat gerekliliklerini tutarl\u0131 bir \u015fekilde kar\u015f\u0131layan t\u0131bbi cihazlar ve ilgili hizmetleri sa\u011flama yetene\u011fini g\u00f6stermesi i\u00e7in gereklilikleri belirtir. Standart, Uluslararas\u0131 Standardizasyon \u00d6rg\u00fct\u00fc [&hellip;]<\/p>\n","protected":false},"author":1,"featured_media":0,"parent":0,"menu_order":0,"comment_status":"closed","ping_status":"closed","template":"","meta":{"footnotes":""},"class_list":["post-10705","page","type-page","status-publish","hentry"],"yoast_head":"<!-- This site is optimized with the Yoast SEO Premium plugin v19.3 (Yoast SEO v23.2) - https:\/\/yoast.com\/wordpress\/plugins\/seo\/ -->\n<title>Sertifikalar - Umayana Biotechnology\u00ae<\/title>\n<meta name=\"robots\" content=\"index, follow, max-snippet:-1, max-image-preview:large, max-video-preview:-1\" \/>\n<link rel=\"canonical\" href=\"https:\/\/umayanabiotechnology.com\/tr\/sertifikalar\/\" \/>\n<meta name=\"twitter:label1\" content=\"Tahmini okuma s\u00fcresi\" \/>\n\t<meta name=\"twitter:data1\" content=\"6 dakika\" \/>\n<script type=\"application\/ld+json\" class=\"yoast-schema-graph\">{\"@context\":\"https:\/\/schema.org\",\"@graph\":[{\"@type\":\"WebPage\",\"@id\":\"https:\/\/umayanabiotechnology.com\/tr\/sertifikalar\/\",\"url\":\"https:\/\/umayanabiotechnology.com\/tr\/sertifikalar\/\",\"name\":\"Sertifikalar - Umayana Biotechnology\u00ae\",\"isPartOf\":{\"@id\":\"https:\/\/umayanabiotechnology.com\/#website\"},\"datePublished\":\"2018-01-24T17:29:11+00:00\",\"dateModified\":\"2024-11-13T17:05:22+00:00\",\"breadcrumb\":{\"@id\":\"https:\/\/umayanabiotechnology.com\/tr\/sertifikalar\/#breadcrumb\"},\"inLanguage\":\"tr\",\"potentialAction\":[{\"@type\":\"ReadAction\",\"target\":[\"https:\/\/umayanabiotechnology.com\/tr\/sertifikalar\/\"]}]},{\"@type\":\"BreadcrumbList\",\"@id\":\"https:\/\/umayanabiotechnology.com\/tr\/sertifikalar\/#breadcrumb\",\"itemListElement\":[{\"@type\":\"ListItem\",\"position\":1,\"name\":\"Home\",\"item\":\"https:\/\/umayanabiotechnology.com\/tr\/\"},{\"@type\":\"ListItem\",\"position\":2,\"name\":\"Sertifikalar\"}]},{\"@type\":\"WebSite\",\"@id\":\"https:\/\/umayanabiotechnology.com\/#website\",\"url\":\"https:\/\/umayanabiotechnology.com\/\",\"name\":\"Umayana Biotechnology\u00ae\",\"description\":\"\",\"potentialAction\":[{\"@type\":\"SearchAction\",\"target\":{\"@type\":\"EntryPoint\",\"urlTemplate\":\"https:\/\/umayanabiotechnology.com\/?s={search_term_string}\"},\"query-input\":\"required name=search_term_string\"}],\"inLanguage\":\"tr\"}]}<\/script>\n<!-- \/ Yoast SEO Premium plugin. -->","yoast_head_json":{"title":"Sertifikalar - Umayana Biotechnology\u00ae","robots":{"index":"index","follow":"follow","max-snippet":"max-snippet:-1","max-image-preview":"max-image-preview:large","max-video-preview":"max-video-preview:-1"},"canonical":"https:\/\/umayanabiotechnology.com\/tr\/sertifikalar\/","twitter_misc":{"Tahmini okuma s\u00fcresi":"6 dakika"},"schema":{"@context":"https:\/\/schema.org","@graph":[{"@type":"WebPage","@id":"https:\/\/umayanabiotechnology.com\/tr\/sertifikalar\/","url":"https:\/\/umayanabiotechnology.com\/tr\/sertifikalar\/","name":"Sertifikalar - Umayana Biotechnology\u00ae","isPartOf":{"@id":"https:\/\/umayanabiotechnology.com\/#website"},"datePublished":"2018-01-24T17:29:11+00:00","dateModified":"2024-11-13T17:05:22+00:00","breadcrumb":{"@id":"https:\/\/umayanabiotechnology.com\/tr\/sertifikalar\/#breadcrumb"},"inLanguage":"tr","potentialAction":[{"@type":"ReadAction","target":["https:\/\/umayanabiotechnology.com\/tr\/sertifikalar\/"]}]},{"@type":"BreadcrumbList","@id":"https:\/\/umayanabiotechnology.com\/tr\/sertifikalar\/#breadcrumb","itemListElement":[{"@type":"ListItem","position":1,"name":"Home","item":"https:\/\/umayanabiotechnology.com\/tr\/"},{"@type":"ListItem","position":2,"name":"Sertifikalar"}]},{"@type":"WebSite","@id":"https:\/\/umayanabiotechnology.com\/#website","url":"https:\/\/umayanabiotechnology.com\/","name":"Umayana Biotechnology\u00ae","description":"","potentialAction":[{"@type":"SearchAction","target":{"@type":"EntryPoint","urlTemplate":"https:\/\/umayanabiotechnology.com\/?s={search_term_string}"},"query-input":"required name=search_term_string"}],"inLanguage":"tr"}]}},"_links":{"self":[{"href":"https:\/\/umayanabiotechnology.com\/tr\/wp-json\/wp\/v2\/pages\/10705","targetHints":{"allow":["GET"]}}],"collection":[{"href":"https:\/\/umayanabiotechnology.com\/tr\/wp-json\/wp\/v2\/pages"}],"about":[{"href":"https:\/\/umayanabiotechnology.com\/tr\/wp-json\/wp\/v2\/types\/page"}],"author":[{"embeddable":true,"href":"https:\/\/umayanabiotechnology.com\/tr\/wp-json\/wp\/v2\/users\/1"}],"replies":[{"embeddable":true,"href":"https:\/\/umayanabiotechnology.com\/tr\/wp-json\/wp\/v2\/comments?post=10705"}],"version-history":[{"count":11,"href":"https:\/\/umayanabiotechnology.com\/tr\/wp-json\/wp\/v2\/pages\/10705\/revisions"}],"predecessor-version":[{"id":11413,"href":"https:\/\/umayanabiotechnology.com\/tr\/wp-json\/wp\/v2\/pages\/10705\/revisions\/11413"}],"wp:attachment":[{"href":"https:\/\/umayanabiotechnology.com\/tr\/wp-json\/wp\/v2\/media?parent=10705"}],"curies":[{"name":"wp","href":"https:\/\/api.w.org\/{rel}","templated":true}]}}