{"id":10708,"date":"2018-02-06T12:24:48","date_gmt":"2018-02-06T09:24:48","guid":{"rendered":"https:\/\/umayanabiotechnology.com\/?page_id=10708"},"modified":"2023-06-29T13:09:52","modified_gmt":"2023-06-29T10:09:52","slug":"kvkk","status":"publish","type":"page","link":"https:\/\/umayanabiotechnology.com\/tr\/kvkk\/","title":{"rendered":"KVKK"},"content":{"rendered":"<div class=\"wpb-content-wrapper\"><p>[vc_row max_width=&#8221;1200&#8243; textalign=&#8221;align_center&#8221; nav_skin=&#8221;light&#8221; consent_include=&#8221;include&#8221; el_design=&#8221;{&#8220;desktop&#8220;:{&#8220;margin-bottom&#8220;:&#8220;20px&#8220;}}&#8221;][vc_column css_animation=&#8221;&#8221;][vc_text_element responsiveness=&#8221;yes&#8221; tablet_portrait=&#8221;100&#8243; mobile_landscape=&#8221;80&#8243; mobile_portrait=&#8221;70&#8243; css_animation=&#8221;&#8221;]<\/p>\n<p align=\"justify\"><i>Dijital kanallar \u00fczerinden elektronik olarak iletece\u011finiz ki\u015fisel bilgileriniz,\u00a0<strong>Murnia\u2122<\/strong> b\u00fcnyesinde olu\u015facak mevcut ve gelecek staj\/i\u015fe al\u0131m ihtiya\u00e7lar\u0131 do\u011frultusunda istihdam olanaklar\u0131n\u0131n de\u011ferlendirilmesi amac\u0131yla 7 Nisan 2016 tarihli Resmi Gazete\u2019de yay\u0131mlanan\u00a0<strong>6698<\/strong>\u00a0say\u0131l\u0131\u00a0<strong>Ki\u015fisel Verilerin Korunmas\u0131 Kanunu<\/strong>\u00a0kapsam\u0131nda veri sorumlusu olarak taraf\u0131m\u0131zca i\u015flenecek ve veri tabanlar\u0131m\u0131zda gizlilik i\u00e7erisinde saklanacakt\u0131r. Ayr\u0131ca ki\u015fisel verileriniz\u00a0<strong>yurti\u00e7i<\/strong>\u00a0veya\u00a0<strong>yurtd\u0131\u015f\u0131nda<\/strong>\u00a0bulunan ilgili \u015firketler, insan kaynaklar\u0131 \u015firketleri, \u00a0<strong>i\u015f ortaklar\u0131<\/strong>,\u00a0<strong>tedarik\u00e7iler<\/strong>,\u00a0<strong>adli\/idari merciler<\/strong>,\u00a0<strong>yetkili \u00f6zel hukuk t\u00fczel ki\u015filikleri ile payla\u015f\u0131labilecektir<\/strong>. Veri sahibi olarak ilgili ki\u015fi haklar\u0131n\u0131z, Mevzuat Kanun\u2019un internet sitesinden ula\u015fabilece\u011finiz\u00a0<strong>Kanun\u2019un 11. maddesinde belirtilmi\u015ftir<\/strong>.\u00a0<strong>Staj ve\/veya i\u015f i\u00e7in ba\u015fvurarak, \u00f6zge\u00e7mi\u015finizin veri tabanlar\u0131m\u0131zda yer almas\u0131n\u0131 kabul etmi\u015f oldu\u011funuzu bildirmek isteriz<\/strong>.<\/i><\/p>\n<p>[\/vc_text_element][\/vc_column][\/vc_row]<\/p>\n<\/div>","protected":false},"excerpt":{"rendered":"<p>[vc_row max_width=&#8221;1200&#8243; textalign=&#8221;align_center&#8221; nav_skin=&#8221;light&#8221; consent_include=&#8221;include&#8221; el_design=&#8221;{&#8220;desktop&#8220;:{&#8220;margin-bottom&#8220;:&#8220;20px&#8220;}}&#8221;][vc_column css_animation=&#8221;&#8221;][vc_text_element responsiveness=&#8221;yes&#8221; tablet_portrait=&#8221;100&#8243; mobile_landscape=&#8221;80&#8243; mobile_portrait=&#8221;70&#8243; css_animation=&#8221;&#8221;] Dijital kanallar \u00fczerinden elektronik olarak iletece\u011finiz ki\u015fisel bilgileriniz,\u00a0Murnia\u2122 b\u00fcnyesinde olu\u015facak mevcut ve gelecek staj\/i\u015fe al\u0131m ihtiya\u00e7lar\u0131 do\u011frultusunda istihdam olanaklar\u0131n\u0131n de\u011ferlendirilmesi amac\u0131yla 7 Nisan 2016 tarihli Resmi Gazete\u2019de yay\u0131mlanan\u00a06698\u00a0say\u0131l\u0131\u00a0Ki\u015fisel Verilerin Korunmas\u0131 Kanunu\u00a0kapsam\u0131nda veri sorumlusu olarak taraf\u0131m\u0131zca i\u015flenecek ve veri tabanlar\u0131m\u0131zda gizlilik i\u00e7erisinde saklanacakt\u0131r. Ayr\u0131ca ki\u015fisel verileriniz\u00a0yurti\u00e7i\u00a0veya\u00a0yurtd\u0131\u015f\u0131nda\u00a0bulunan ilgili \u015firketler, insan kaynaklar\u0131 \u015firketleri, \u00a0i\u015f ortaklar\u0131,\u00a0tedarik\u00e7iler,\u00a0adli\/idari merciler,\u00a0yetkili \u00f6zel hukuk t\u00fczel ki\u015filikleri ile payla\u015f\u0131labilecektir. Veri sahibi olarak ilgili [&hellip;]<\/p>\n","protected":false},"author":1,"featured_media":0,"parent":0,"menu_order":0,"comment_status":"closed","ping_status":"closed","template":"","meta":{"footnotes":""},"class_list":["post-10708","page","type-page","status-publish","hentry"],"yoast_head":"<!-- This site is optimized with the Yoast SEO Premium plugin v19.3 (Yoast SEO v23.2) - https:\/\/yoast.com\/wordpress\/plugins\/seo\/ -->\n<title>KVKK - Umayana Biotechnology\u00ae<\/title>\n<meta name=\"robots\" content=\"index, follow, max-snippet:-1, max-image-preview:large, max-video-preview:-1\" \/>\n<link rel=\"canonical\" href=\"https:\/\/umayanabiotechnology.com\/tr\/kvkk\/\" \/>\n<meta name=\"twitter:label1\" content=\"Tahmini okuma s\u00fcresi\" \/>\n\t<meta name=\"twitter:data1\" content=\"1 dakika\" \/>\n<script type=\"application\/ld+json\" class=\"yoast-schema-graph\">{\"@context\":\"https:\/\/schema.org\",\"@graph\":[{\"@type\":\"WebPage\",\"@id\":\"https:\/\/umayanabiotechnology.com\/tr\/kvkk\/\",\"url\":\"https:\/\/umayanabiotechnology.com\/tr\/kvkk\/\",\"name\":\"KVKK - Umayana Biotechnology\u00ae\",\"isPartOf\":{\"@id\":\"https:\/\/umayanabiotechnology.com\/#website\"},\"datePublished\":\"2018-02-06T09:24:48+00:00\",\"dateModified\":\"2023-06-29T10:09:52+00:00\",\"breadcrumb\":{\"@id\":\"https:\/\/umayanabiotechnology.com\/tr\/kvkk\/#breadcrumb\"},\"inLanguage\":\"tr\",\"potentialAction\":[{\"@type\":\"ReadAction\",\"target\":[\"https:\/\/umayanabiotechnology.com\/tr\/kvkk\/\"]}]},{\"@type\":\"BreadcrumbList\",\"@id\":\"https:\/\/umayanabiotechnology.com\/tr\/kvkk\/#breadcrumb\",\"itemListElement\":[{\"@type\":\"ListItem\",\"position\":1,\"name\":\"Home\",\"item\":\"https:\/\/umayanabiotechnology.com\/tr\/\"},{\"@type\":\"ListItem\",\"position\":2,\"name\":\"KVKK\"}]},{\"@type\":\"WebSite\",\"@id\":\"https:\/\/umayanabiotechnology.com\/#website\",\"url\":\"https:\/\/umayanabiotechnology.com\/\",\"name\":\"Umayana Biotechnology\u00ae\",\"description\":\"\",\"potentialAction\":[{\"@type\":\"SearchAction\",\"target\":{\"@type\":\"EntryPoint\",\"urlTemplate\":\"https:\/\/umayanabiotechnology.com\/?s={search_term_string}\"},\"query-input\":\"required name=search_term_string\"}],\"inLanguage\":\"tr\"}]}<\/script>\n<!-- \/ Yoast SEO Premium plugin. -->","yoast_head_json":{"title":"KVKK - Umayana Biotechnology\u00ae","robots":{"index":"index","follow":"follow","max-snippet":"max-snippet:-1","max-image-preview":"max-image-preview:large","max-video-preview":"max-video-preview:-1"},"canonical":"https:\/\/umayanabiotechnology.com\/tr\/kvkk\/","twitter_misc":{"Tahmini okuma s\u00fcresi":"1 dakika"},"schema":{"@context":"https:\/\/schema.org","@graph":[{"@type":"WebPage","@id":"https:\/\/umayanabiotechnology.com\/tr\/kvkk\/","url":"https:\/\/umayanabiotechnology.com\/tr\/kvkk\/","name":"KVKK - Umayana Biotechnology\u00ae","isPartOf":{"@id":"https:\/\/umayanabiotechnology.com\/#website"},"datePublished":"2018-02-06T09:24:48+00:00","dateModified":"2023-06-29T10:09:52+00:00","breadcrumb":{"@id":"https:\/\/umayanabiotechnology.com\/tr\/kvkk\/#breadcrumb"},"inLanguage":"tr","potentialAction":[{"@type":"ReadAction","target":["https:\/\/umayanabiotechnology.com\/tr\/kvkk\/"]}]},{"@type":"BreadcrumbList","@id":"https:\/\/umayanabiotechnology.com\/tr\/kvkk\/#breadcrumb","itemListElement":[{"@type":"ListItem","position":1,"name":"Home","item":"https:\/\/umayanabiotechnology.com\/tr\/"},{"@type":"ListItem","position":2,"name":"KVKK"}]},{"@type":"WebSite","@id":"https:\/\/umayanabiotechnology.com\/#website","url":"https:\/\/umayanabiotechnology.com\/","name":"Umayana Biotechnology\u00ae","description":"","potentialAction":[{"@type":"SearchAction","target":{"@type":"EntryPoint","urlTemplate":"https:\/\/umayanabiotechnology.com\/?s={search_term_string}"},"query-input":"required name=search_term_string"}],"inLanguage":"tr"}]}},"_links":{"self":[{"href":"https:\/\/umayanabiotechnology.com\/tr\/wp-json\/wp\/v2\/pages\/10708","targetHints":{"allow":["GET"]}}],"collection":[{"href":"https:\/\/umayanabiotechnology.com\/tr\/wp-json\/wp\/v2\/pages"}],"about":[{"href":"https:\/\/umayanabiotechnology.com\/tr\/wp-json\/wp\/v2\/types\/page"}],"author":[{"embeddable":true,"href":"https:\/\/umayanabiotechnology.com\/tr\/wp-json\/wp\/v2\/users\/1"}],"replies":[{"embeddable":true,"href":"https:\/\/umayanabiotechnology.com\/tr\/wp-json\/wp\/v2\/comments?post=10708"}],"version-history":[{"count":5,"href":"https:\/\/umayanabiotechnology.com\/tr\/wp-json\/wp\/v2\/pages\/10708\/revisions"}],"predecessor-version":[{"id":10718,"href":"https:\/\/umayanabiotechnology.com\/tr\/wp-json\/wp\/v2\/pages\/10708\/revisions\/10718"}],"wp:attachment":[{"href":"https:\/\/umayanabiotechnology.com\/tr\/wp-json\/wp\/v2\/media?parent=10708"}],"curies":[{"name":"wp","href":"https:\/\/api.w.org\/{rel}","templated":true}]}}