{"id":10972,"date":"2023-07-11T03:42:05","date_gmt":"2023-07-11T00:42:05","guid":{"rendered":"https:\/\/umayanabiotechnology.com\/?page_id=10972"},"modified":"2024-10-21T21:43:42","modified_gmt":"2024-10-21T18:43:42","slug":"bilimimiz","status":"publish","type":"page","link":"https:\/\/umayanabiotechnology.com\/tr\/bilimimiz\/","title":{"rendered":"Bilimimiz"},"content":{"rendered":"<div class=\"wpb-content-wrapper\"><p>[vc_row textalign_small=&#8221;tablet_portrait&#8221; nav_skin=&#8221;light&#8221; consent_include=&#8221;include&#8221; el_design=&#8221;{&#8220;desktop&#8220;:{&#8220;padding-top&#8220;:&#8220;90&#8220;}}&#8221;][vc_column el_design=&#8221;{&#8220;desktop&#8220;:{&#8220;margin-top&#8220;:&#8220;-15px&#8220;,&#8220;padding-top&#8220;:&#8220;-&#8220;,&#8220;padding-right&#8220;:&#8220;15&#8220;,&#8220;padding-bottom&#8220;:&#8220;-&#8220;,&#8220;padding-left&#8220;:&#8220;15&#8220;}}&#8221; css_animation=&#8221;&#8221;][vc_heading heading_text=&#8221;Patentli Murnia\u2122 Molek\u00fcler Bile\u015feni&#8221; heading_wrapper=&#8221;h2&#8243; heading_color=&#8221;{&#8220;solid&#8220;:{&#8220;id&#8220;:&#8220;custom_color&#8220;,&#8220;color&#8220;:&#8220;rgba(2,39,89,1)&#8220;}}&#8221; heading_typography=&#8221;{&#8220;font_family&#8220;:&#8220;183419272&#8220;,&#8220;variants&#8220;:&#8220;600&#8220;,&#8220;subsets&#8220;:&#8220;cyrillic&#8220;,&#8220;font_size&#8220;:&#8220;40px&#8220;,&#8220;line_height&#8220;:&#8220;1.2em&#8220;}&#8221; responsiveness=&#8221;yes&#8221; tablet_portrait=&#8221;100&#8243; mobile_landscape=&#8221;85&#8243; mobile_portrait=&#8221;75&#8243; css_animation=&#8221;&#8221;][vc_empty_space height=&#8221;18px&#8221;][vc_text_element typography=&#8221;{&#8220;font_family&#8220;:&#8220;183419272&#8220;,&#8220;variants&#8220;:&#8220;500&#8220;,&#8220;subsets&#8220;:&#8220;cyrillic&#8220;,&#8220;transform&#8220;:&#8220;uppercase&#8220;,&#8220;font_size&#8220;:&#8220;11px&#8220;,&#8220;letter_spacing&#8220;:&#8220;0.1em&#8220;}&#8221; disable_margin=&#8221;yes&#8221; css_animation=&#8221;&#8221; color=&#8221;{&#8220;id&#8220;:&#8220;Main accent color&#8220;,&#8220;color&#8220;:&#8220;#8571ea&#8220;}&#8221;]Global Patent: WO2020072987 (A1)<br \/>\nUSA Patent: 11331360 (B2)[\/vc_text_element][vc_empty_space height=&#8221;50px&#8221;][\/vc_column][vc_column el_design=&#8221;{&#8220;desktop&#8220;:{&#8220;padding-top&#8220;:&#8220;-&#8220;,&#8220;padding-right&#8220;:&#8220;15&#8220;,&#8220;padding-bottom&#8220;:&#8220;15&#8220;,&#8220;padding-left&#8220;:&#8220;15&#8220;}}&#8221; css_animation=&#8221;&#8221; offset=&#8221;vc_col-md-6&#8243;][vc_text_element disable_margin=&#8221;yes&#8221; css_animation=&#8221;&#8221;]<\/p>\n<p align=\"justify\">Patentli molek\u00fcler bile\u015fik &amp; form\u00fcller g\u00fc\u00e7l\u00fc AR-GE \u00e7al\u0131\u015fmalar\u0131m\u0131z sonucu topikal ve mukozal yaralar\u0131n \u00f6nlenmesi i\u00e7in geli\u015ftirildi.<\/p>\n<ul>\n<li style=\"text-align: left;\">Newtonian ak\u0131\u015fa sahip stabil form\u00fclasyon<\/li>\n<li style=\"text-align: left;\">Zengin sesquiterpen i\u00e7eri\u011fi &gt; %50<\/li>\n<li style=\"text-align: left;\">Zengin galactopyronase i\u00e7eri\u011fi<\/li>\n<\/ul>\n<h5 style=\"margin-top: 0px;\">Mukozal &amp; Topikal Koruma<\/h5>\n<ul>\n<li style=\"text-align: left;\">\u0130deal pH<\/li>\n<li style=\"text-align: left;\">Mukoadesiv &amp; Dermoadesiv<\/li>\n<li style=\"text-align: left;\">Standardize bile\u015fenler<\/li>\n<\/ul>\n<p>[\/vc_text_element][\/vc_column][vc_column el_design=&#8221;{&#8220;tablet_portrait&#8220;:{&#8220;padding-top&#8220;:&#8220;40&#8220;},&#8220;desktop&#8220;:{&#8220;padding-top&#8220;:&#8220;-&#8220;,&#8220;padding-right&#8220;:&#8220;10&#8220;,&#8220;padding-bottom&#8220;:&#8220;10&#8220;,&#8220;padding-left&#8220;:&#8220;10&#8220;}}&#8221; css_animation=&#8221;&#8221; offset=&#8221;vc_col-md-6&#8243;][vc_text_element disable_margin=&#8221;yes&#8221; css_animation=&#8221;&#8221;]<\/p>\n<p align=\"justify\"><img decoding=\"async\" class=\"aligncenter\" src=\"\/\/umayanabiotechnology.com\/wp-content\/uploads\/2023\/07\/ornek-1.png\" alt=\"\" width=\"55%\" \/><\/p>\n<p align=\"justify\">In \u2013 vitro etkinlik testi ve gen analizleri, Murnia\u2122 Aktif Bile\u015feninin elastin ve kollajen sentezini art\u0131rarak y\u00fcksek rejeneratif etkisini kan\u0131tlamaktad\u0131r.<\/p>\n<ul>\n<li style=\"text-align: left;\">Antioksidan Etkinlik \/ Oksijen radikallerini s\u00fcp\u00fcr\u00fcc\u00fc etki<\/li>\n<li style=\"text-align: left;\">Koruyucu Etkinlik<\/li>\n<li style=\"text-align: left;\">Yenileyici Etkinlik<\/li>\n<\/ul>\n<p>[\/vc_text_element][\/vc_column][\/vc_row][vc_row nav_skin=&#8221;light&#8221; consent_include=&#8221;include&#8221;][vc_column css_animation=&#8221;&#8221;][vc_column_text][\/vc_column_text][\/vc_column][\/vc_row][vc_row nav_skin=&#8221;light&#8221; consent_include=&#8221;include&#8221; el_design=&#8221;{&#8220;desktop&#8220;:{&#8220;padding-bottom&#8220;:&#8220;60&#8220;}}&#8221;][vc_column el_design=&#8221;{&#8220;desktop&#8220;:{&#8220;padding-top&#8220;:&#8220;15&#8220;,&#8220;padding-right&#8220;:&#8220;15&#8220;,&#8220;padding-bottom&#8220;:&#8220;-&#8220;,&#8220;padding-left&#8220;:&#8220;15&#8220;}}&#8221; css_animation=&#8221;&#8221; el_class=&#8221;altkisim&#8221;][vc_heading heading_text=&#8221;Patentli Murnia\u2122 Temiz \u0130\u00e7erik&#8221; heading_wrapper=&#8221;h2&#8243; heading_color=&#8221;{&#8220;solid&#8220;:{&#8220;id&#8220;:&#8220;custom_color&#8220;,&#8220;color&#8220;:&#8220;rgba(2,39,89,1)&#8220;}}&#8221; heading_typography=&#8221;{&#8220;font_family&#8220;:&#8220;183419272&#8220;,&#8220;subsets&#8220;:&#8220;cyrillic&#8220;,&#8220;font_size&#8220;:&#8220;40px&#8220;,&#8220;line_height&#8220;:&#8220;1.2em&#8220;}&#8221; responsiveness=&#8221;yes&#8221; tablet_portrait=&#8221;100&#8243; mobile_landscape=&#8221;85&#8243; mobile_portrait=&#8221;75&#8243; css_animation=&#8221;&#8221;][vc_empty_space height=&#8221;18px&#8221;][vc_content_box style=&#8221;style_custom&#8221; shadow=&#8221;no_shadow&#8221; shadow_hover=&#8221;no_shadow&#8221; overflow=&#8221;hidden&#8221; el_design=&#8221;{&#8220;desktop&#8220;:{&#8220;border-top-left-radius&#8220;:9,&#8220;border-top-right-radius&#8220;:9,&#8220;border-bottom-right-radius&#8220;:9,&#8220;border-bottom-left-radius&#8220;:9,&#8220;padding-top&#8220;:&#8220;2&#8220;,&#8220;padding-right&#8220;:&#8220;0&#8220;,&#8220;padding-bottom&#8220;:&#8220;2&#8220;,&#8220;padding-left&#8220;:&#8220;15&#8220;}}&#8221; border_hover=&#8221;default&#8221; width=&#8221;770&#8243; equal_height=&#8221;&#8221; alignment=&#8221;&#8221; vertical_align=&#8221;&#8221; horizontal_align=&#8221;&#8221; css_animation=&#8221;&#8221; bg_color=&#8221;{&#8220;solid&#8220;:{&#8220;id&#8220;:&#8220;custom_color&#8220;,&#8220;color&#8220;:&#8220;rgba(25,34,64,1)&#8220;}}&#8221;][vc_heading heading_text=&#8221;Murnia\u2122 form\u00fcllerinde insan sa\u011fl\u0131\u011f\u0131n\u0131 olumsuz etkileyebilecek hi\u00e7bir bile\u015fen yoktur.&#8221; heading_wrapper=&#8221;h3&#8243; heading_color=&#8221;{&#8220;solid&#8220;:{&#8220;id&#8220;:&#8220;custom_color&#8220;,&#8220;color&#8220;:&#8220;rgba(255,255,255,1)&#8220;}}&#8221; heading_typography=&#8221;{&#8220;font_family&#8220;:&#8220;183419272&#8220;,&#8220;variants&#8220;:&#8220;600&#8220;,&#8220;subsets&#8220;:&#8220;cyrillic&#8220;,&#8220;font_size&#8220;:&#8220;20px&#8220;}&#8221; css_animation=&#8221;&#8221;][\/vc_content_box][vc_text_element css_animation=&#8221;&#8221;]<\/p>\n<p align=\"justify\">Umayana\u2122 olarak, insan sa\u011fl\u0131\u011f\u0131n\u0131 olumsuz etkileyebilecek hi\u00e7bir i\u00e7eri\u011fi form\u00fclasyonlar\u0131m\u0131zda kullanmad\u0131k. A\u015fa\u011f\u0131da belirtti\u011fimiz maddeleri kullanmad\u0131\u011f\u0131m\u0131z\u0131 ba\u011f\u0131ms\u0131z laboratuvarlarda test ederek kan\u0131tlad\u0131k.<\/p>\n<p>[\/vc_text_element][vc_text_element typography=&#8221;{&#8220;variants&#8220;:&#8220;500&#8220;,&#8220;transform&#8220;:&#8220;uppercase&#8220;,&#8220;font_size&#8220;:&#8220;11px&#8220;,&#8220;letter_spacing&#8220;:&#8220;0.1em&#8220;}&#8221; disable_margin=&#8221;yes&#8221; css_animation=&#8221;&#8221; color=&#8221;{&#8220;id&#8220;:&#8220;Main accent color&#8220;,&#8220;color&#8220;:&#8220;#8571ea&#8220;}&#8221;]Neler \u0130\u00e7ermez[\/vc_text_element][vc_text_element css_animation=&#8221;&#8221;]\u2022 Alkol \u2022 Mineral Ya\u011f \u2022 Renklendirici \u2022 Gluten \u2022 Parafin \u2022 Silikon[\/vc_text_element][\/vc_column][vc_column width=&#8221;1\/3&#8243; css_animation=&#8221;&#8221;][vc_text_element css_animation=&#8221;&#8221;]<\/p>\n<ul>\n<li>Hexamidine paraben<\/li>\n<li>Methyl paraben<\/li>\n<li>Propyl paraben<\/li>\n<li>Mercury (Hg)<\/li>\n<li>Cadmium (Cd)<\/li>\n<li>Lead (Pb)<\/li>\n<li>Antimony (Sb)<\/li>\n<li>Phthalate<\/li>\n<li>Arsenik (As)<\/li>\n<li>Evernia Prunastri (Oakmoss) Extraxt<\/li>\n<li>D-Limonene<\/li>\n<li>Benzyl Alcohol<\/li>\n<li>Linalool<\/li>\n<li>Methyl 2-Octynoate<\/li>\n<li>Citronellol<\/li>\n<\/ul>\n<p>[\/vc_text_element][\/vc_column][vc_column width=&#8221;1\/3&#8243; css_animation=&#8221;&#8221;][vc_text_element css_animation=&#8221;&#8221;]<\/p>\n<ul>\n<li>Geraniol<\/li>\n<li>Anisyl Alcohol<\/li>\n<li>7 Hydroxycitrolellal<\/li>\n<li>Cinnamyl Alcohol<\/li>\n<li>Citral<\/li>\n<li>Eugenol<\/li>\n<li>Cinnamaldehyde<\/li>\n<li>Coumarin<\/li>\n<li>Isoeugenol<\/li>\n<li>Alpha-Isomethyl Lonone<\/li>\n<li>Lilial (Butylphenyl methylpropional)<\/li>\n<li>Treemoss Absolute<\/li>\n<li>Alpha Amylcinnamaldehyde<\/li>\n<li>Hydroxyisohexyl<\/li>\n<li>3-cyclohexene (Lyral)<\/li>\n<\/ul>\n<p>[\/vc_text_element][\/vc_column][vc_column width=&#8221;1\/3&#8243; css_animation=&#8221;&#8221;][vc_text_element css_animation=&#8221;&#8221;]<\/p>\n<ul>\n<li>Alpha Amylcinnamyl Alcohol<\/li>\n<li>Farnesol<\/li>\n<li>Alpha \u2013 Hexycinnamaldehyde<\/li>\n<li>Benzyl Benzoate<\/li>\n<li>Benzyl Salicylate<\/li>\n<li>Benzyl Cinnamate<\/li>\n<li>Hekzamidin paraben<\/li>\n<li>Fenyl paraben<\/li>\n<li>Izobutyl paraben<\/li>\n<li>Butyl paraben<\/li>\n<li>Benzyl paraben<\/li>\n<li>Isopropyl paraben<\/li>\n<li>Ethyl paraben<\/li>\n<\/ul>\n<p>[\/vc_text_element][\/vc_column][\/vc_row]<\/p>\n<\/div>","protected":false},"excerpt":{"rendered":"<p>[vc_row textalign_small=&#8221;tablet_portrait&#8221; nav_skin=&#8221;light&#8221; consent_include=&#8221;include&#8221; el_design=&#8221;{&#8220;desktop&#8220;:{&#8220;padding-top&#8220;:&#8220;90&#8220;}}&#8221;][vc_column el_design=&#8221;{&#8220;desktop&#8220;:{&#8220;margin-top&#8220;:&#8220;-15px&#8220;,&#8220;padding-top&#8220;:&#8220;-&#8220;,&#8220;padding-right&#8220;:&#8220;15&#8220;,&#8220;padding-bottom&#8220;:&#8220;-&#8220;,&#8220;padding-left&#8220;:&#8220;15&#8220;}}&#8221; css_animation=&#8221;&#8221;][vc_heading heading_text=&#8221;Patentli Murnia\u2122 Molek\u00fcler Bile\u015feni&#8221; heading_wrapper=&#8221;h2&#8243; heading_color=&#8221;{&#8220;solid&#8220;:{&#8220;id&#8220;:&#8220;custom_color&#8220;,&#8220;color&#8220;:&#8220;rgba(2,39,89,1)&#8220;}}&#8221; heading_typography=&#8221;{&#8220;font_family&#8220;:&#8220;183419272&#8220;,&#8220;variants&#8220;:&#8220;600&#8220;,&#8220;subsets&#8220;:&#8220;cyrillic&#8220;,&#8220;font_size&#8220;:&#8220;40px&#8220;,&#8220;line_height&#8220;:&#8220;1.2em&#8220;}&#8221; responsiveness=&#8221;yes&#8221; tablet_portrait=&#8221;100&#8243; mobile_landscape=&#8221;85&#8243; mobile_portrait=&#8221;75&#8243; css_animation=&#8221;&#8221;][vc_empty_space height=&#8221;18px&#8221;][vc_text_element typography=&#8221;{&#8220;font_family&#8220;:&#8220;183419272&#8220;,&#8220;variants&#8220;:&#8220;500&#8220;,&#8220;subsets&#8220;:&#8220;cyrillic&#8220;,&#8220;transform&#8220;:&#8220;uppercase&#8220;,&#8220;font_size&#8220;:&#8220;11px&#8220;,&#8220;letter_spacing&#8220;:&#8220;0.1em&#8220;}&#8221; disable_margin=&#8221;yes&#8221; css_animation=&#8221;&#8221; color=&#8221;{&#8220;id&#8220;:&#8220;Main accent color&#8220;,&#8220;color&#8220;:&#8220;#8571ea&#8220;}&#8221;]Global Patent: WO2020072987 (A1) USA Patent: 11331360 (B2)[\/vc_text_element][vc_empty_space height=&#8221;50px&#8221;][\/vc_column][vc_column el_design=&#8221;{&#8220;desktop&#8220;:{&#8220;padding-top&#8220;:&#8220;-&#8220;,&#8220;padding-right&#8220;:&#8220;15&#8220;,&#8220;padding-bottom&#8220;:&#8220;15&#8220;,&#8220;padding-left&#8220;:&#8220;15&#8220;}}&#8221; css_animation=&#8221;&#8221; offset=&#8221;vc_col-md-6&#8243;][vc_text_element disable_margin=&#8221;yes&#8221; css_animation=&#8221;&#8221;] Patentli molek\u00fcler bile\u015fik &amp; form\u00fcller g\u00fc\u00e7l\u00fc AR-GE \u00e7al\u0131\u015fmalar\u0131m\u0131z sonucu topikal ve mukozal yaralar\u0131n \u00f6nlenmesi i\u00e7in geli\u015ftirildi. Newtonian ak\u0131\u015fa sahip stabil form\u00fclasyon Zengin sesquiterpen i\u00e7eri\u011fi &gt; %50 Zengin galactopyronase i\u00e7eri\u011fi Mukozal &amp; Topikal Koruma \u0130deal pH Mukoadesiv [&hellip;]<\/p>\n","protected":false},"author":1,"featured_media":0,"parent":0,"menu_order":0,"comment_status":"closed","ping_status":"closed","template":"","meta":{"footnotes":""},"class_list":["post-10972","page","type-page","status-publish","hentry"],"yoast_head":"<!-- This site is optimized with the Yoast SEO Premium plugin v19.3 (Yoast SEO v23.2) - https:\/\/yoast.com\/wordpress\/plugins\/seo\/ -->\n<title>Bilimimiz - Umayana Biotechnology\u00ae<\/title>\n<meta name=\"robots\" content=\"index, follow, max-snippet:-1, max-image-preview:large, max-video-preview:-1\" \/>\n<link rel=\"canonical\" href=\"https:\/\/umayanabiotechnology.com\/tr\/bilimimiz\/\" \/>\n<meta name=\"twitter:label1\" content=\"Tahmini okuma s\u00fcresi\" \/>\n\t<meta name=\"twitter:data1\" content=\"3 dakika\" \/>\n<script type=\"application\/ld+json\" class=\"yoast-schema-graph\">{\"@context\":\"https:\/\/schema.org\",\"@graph\":[{\"@type\":\"WebPage\",\"@id\":\"https:\/\/umayanabiotechnology.com\/tr\/bilimimiz\/\",\"url\":\"https:\/\/umayanabiotechnology.com\/tr\/bilimimiz\/\",\"name\":\"Bilimimiz - Umayana Biotechnology\u00ae\",\"isPartOf\":{\"@id\":\"https:\/\/umayanabiotechnology.com\/#website\"},\"datePublished\":\"2023-07-11T00:42:05+00:00\",\"dateModified\":\"2024-10-21T18:43:42+00:00\",\"breadcrumb\":{\"@id\":\"https:\/\/umayanabiotechnology.com\/tr\/bilimimiz\/#breadcrumb\"},\"inLanguage\":\"tr\",\"potentialAction\":[{\"@type\":\"ReadAction\",\"target\":[\"https:\/\/umayanabiotechnology.com\/tr\/bilimimiz\/\"]}]},{\"@type\":\"BreadcrumbList\",\"@id\":\"https:\/\/umayanabiotechnology.com\/tr\/bilimimiz\/#breadcrumb\",\"itemListElement\":[{\"@type\":\"ListItem\",\"position\":1,\"name\":\"Home\",\"item\":\"https:\/\/umayanabiotechnology.com\/tr\/\"},{\"@type\":\"ListItem\",\"position\":2,\"name\":\"Bilimimiz\"}]},{\"@type\":\"WebSite\",\"@id\":\"https:\/\/umayanabiotechnology.com\/#website\",\"url\":\"https:\/\/umayanabiotechnology.com\/\",\"name\":\"Umayana Biotechnology\u00ae\",\"description\":\"\",\"potentialAction\":[{\"@type\":\"SearchAction\",\"target\":{\"@type\":\"EntryPoint\",\"urlTemplate\":\"https:\/\/umayanabiotechnology.com\/?s={search_term_string}\"},\"query-input\":\"required name=search_term_string\"}],\"inLanguage\":\"tr\"}]}<\/script>\n<!-- \/ Yoast SEO Premium plugin. -->","yoast_head_json":{"title":"Bilimimiz - Umayana Biotechnology\u00ae","robots":{"index":"index","follow":"follow","max-snippet":"max-snippet:-1","max-image-preview":"max-image-preview:large","max-video-preview":"max-video-preview:-1"},"canonical":"https:\/\/umayanabiotechnology.com\/tr\/bilimimiz\/","twitter_misc":{"Tahmini okuma s\u00fcresi":"3 dakika"},"schema":{"@context":"https:\/\/schema.org","@graph":[{"@type":"WebPage","@id":"https:\/\/umayanabiotechnology.com\/tr\/bilimimiz\/","url":"https:\/\/umayanabiotechnology.com\/tr\/bilimimiz\/","name":"Bilimimiz - Umayana Biotechnology\u00ae","isPartOf":{"@id":"https:\/\/umayanabiotechnology.com\/#website"},"datePublished":"2023-07-11T00:42:05+00:00","dateModified":"2024-10-21T18:43:42+00:00","breadcrumb":{"@id":"https:\/\/umayanabiotechnology.com\/tr\/bilimimiz\/#breadcrumb"},"inLanguage":"tr","potentialAction":[{"@type":"ReadAction","target":["https:\/\/umayanabiotechnology.com\/tr\/bilimimiz\/"]}]},{"@type":"BreadcrumbList","@id":"https:\/\/umayanabiotechnology.com\/tr\/bilimimiz\/#breadcrumb","itemListElement":[{"@type":"ListItem","position":1,"name":"Home","item":"https:\/\/umayanabiotechnology.com\/tr\/"},{"@type":"ListItem","position":2,"name":"Bilimimiz"}]},{"@type":"WebSite","@id":"https:\/\/umayanabiotechnology.com\/#website","url":"https:\/\/umayanabiotechnology.com\/","name":"Umayana Biotechnology\u00ae","description":"","potentialAction":[{"@type":"SearchAction","target":{"@type":"EntryPoint","urlTemplate":"https:\/\/umayanabiotechnology.com\/?s={search_term_string}"},"query-input":"required name=search_term_string"}],"inLanguage":"tr"}]}},"_links":{"self":[{"href":"https:\/\/umayanabiotechnology.com\/tr\/wp-json\/wp\/v2\/pages\/10972","targetHints":{"allow":["GET"]}}],"collection":[{"href":"https:\/\/umayanabiotechnology.com\/tr\/wp-json\/wp\/v2\/pages"}],"about":[{"href":"https:\/\/umayanabiotechnology.com\/tr\/wp-json\/wp\/v2\/types\/page"}],"author":[{"embeddable":true,"href":"https:\/\/umayanabiotechnology.com\/tr\/wp-json\/wp\/v2\/users\/1"}],"replies":[{"embeddable":true,"href":"https:\/\/umayanabiotechnology.com\/tr\/wp-json\/wp\/v2\/comments?post=10972"}],"version-history":[{"count":13,"href":"https:\/\/umayanabiotechnology.com\/tr\/wp-json\/wp\/v2\/pages\/10972\/revisions"}],"predecessor-version":[{"id":11322,"href":"https:\/\/umayanabiotechnology.com\/tr\/wp-json\/wp\/v2\/pages\/10972\/revisions\/11322"}],"wp:attachment":[{"href":"https:\/\/umayanabiotechnology.com\/tr\/wp-json\/wp\/v2\/media?parent=10972"}],"curies":[{"name":"wp","href":"https:\/\/api.w.org\/{rel}","templated":true}]}}