{"id":10636,"date":"2018-02-13T11:38:02","date_gmt":"2018-02-13T08:38:02","guid":{"rendered":"https:\/\/umayanabiotechnology.com\/?post_type=product&#038;p=10636"},"modified":"2023-07-04T10:39:01","modified_gmt":"2023-07-04T07:39:01","slug":"murnia-recovery-cream","status":"publish","type":"product","link":"https:\/\/umayanabiotechnology.com\/tr\/product\/murnia-recovery-cream\/","title":{"rendered":"Murnia\u2122 Recovery Cream"},"content":{"rendered":"<p align=\"justify\">Patentli Murnia\u2122 Molek\u00fcler Bile\u015feni i\u00e7erir.<\/p>\n<p align=\"justify\">Murnia Recovery Cream\u2122 cildi nemlendirir, rahatlat\u0131r ve yenilenmesine yard\u0131mc\u0131 olur.<\/p>\n<h5>Nedir?<\/h5>\n<p align=\"justify\">Murnia Recovery Cream\u2122 atopiye e\u011filimli ciltler i\u00e7in \u00f6zel olarak form\u00fcle edilmi\u015ftir. Kuruluktan dolay\u0131 olu\u015fan rahats\u0131zl\u0131\u011f\u0131 ve gerginlik hissini gidermeye yard\u0131mc\u0131 olur.<\/p>\n<h5>Kullan\u0131m:<\/h5>\n<p align=\"justify\">Kuru ve temiz cilde g\u00fcnde en az 2 defa ihtiya\u00e7 duyuldu\u011fu zamanlarda s\u00fcr\u00fclerek kullan\u0131l\u0131r. \u00c7ocuklarda da kullan\u0131ma uygundur.<\/p>\n<h5>Bizi Di\u011ferlerinden Ay\u0131ran \u00d6zelli\u011fimiz:<\/h5>\n<p align=\"justify\">Murnia Recovery Cream\u2122 patentli bir form\u00fclasyona sahiptir.<\/p>\n<p align=\"justify\">Bu benzersiz form\u00fcl petrol t\u00fcrevlerinden elde edilen mineral ya\u011flar, parafin ve vazelin i\u00e7ermez. Bunlar\u0131n yerine ciltteki faydalar\u0131 kan\u0131tlanm\u0131\u015f olan balmumu ve kakao ya\u011f\u0131 gibi i\u00e7erenler kullan\u0131lm\u0131\u015ft\u0131r.<\/p>\n<p align=\"justify\">Ayr\u0131ca paraben, silikon, renklendirici veya parf\u00fcm i\u00e7ermemektedir.<\/p>\n","protected":false},"excerpt":{"rendered":"<ul>\n<li>Nemlendirir, rahatlat\u0131r, yeniler<\/li>\n<li>Kuruluk ve gerilme nedeniyle olu\u015fan cilt rahats\u0131zl\u0131\u011f\u0131n\u0131 giderir<\/li>\n<\/ul>\n","protected":false},"featured_media":10608,"comment_status":"closed","ping_status":"closed","template":"","meta":[],"product_cat":[103],"product_tag":[101,102],"class_list":["post-10636","product","type-product","status-publish","has-post-thumbnail","hentry","product_cat-krem","product_tag-agiz-sagligi","product_tag-cilt"],"yoast_head":"<!-- This site is optimized with the Yoast SEO Premium plugin v19.3 (Yoast SEO v23.2) - https:\/\/yoast.com\/wordpress\/plugins\/seo\/ -->\n<title>Murnia\u2122 Recovery Cream - Umayana Biotechnology\u00ae<\/title>\n<meta name=\"robots\" content=\"index, follow, max-snippet:-1, max-image-preview:large, max-video-preview:-1\" \/>\n<link rel=\"canonical\" href=\"https:\/\/umayanabiotechnology.com\/tr\/product\/murnia-recovery-cream\/\" \/>\n<meta name=\"twitter:label1\" content=\"Tahmini okuma s\u00fcresi\" \/>\n\t<meta name=\"twitter:data1\" content=\"1 dakika\" \/>\n<script type=\"application\/ld+json\" class=\"yoast-schema-graph\">{\"@context\":\"https:\/\/schema.org\",\"@graph\":[{\"@type\":\"WebPage\",\"@id\":\"https:\/\/umayanabiotechnology.com\/tr\/product\/murnia-recovery-cream\/\",\"url\":\"https:\/\/umayanabiotechnology.com\/tr\/product\/murnia-recovery-cream\/\",\"name\":\"Murnia\u2122 Recovery Cream - Umayana Biotechnology\u00ae\",\"isPartOf\":{\"@id\":\"https:\/\/umayanabiotechnology.com\/#website\"},\"primaryImageOfPage\":{\"@id\":\"https:\/\/umayanabiotechnology.com\/tr\/product\/murnia-recovery-cream\/#primaryimage\"},\"image\":{\"@id\":\"https:\/\/umayanabiotechnology.com\/tr\/product\/murnia-recovery-cream\/#primaryimage\"},\"thumbnailUrl\":\"https:\/\/umayanabiotechnology.com\/wp-content\/uploads\/2018\/02\/murnia-recovery-cream-1.jpg\",\"datePublished\":\"2018-02-13T08:38:02+00:00\",\"dateModified\":\"2023-07-04T07:39:01+00:00\",\"breadcrumb\":{\"@id\":\"https:\/\/umayanabiotechnology.com\/tr\/product\/murnia-recovery-cream\/#breadcrumb\"},\"inLanguage\":\"tr\",\"potentialAction\":[{\"@type\":\"ReadAction\",\"target\":[\"https:\/\/umayanabiotechnology.com\/tr\/product\/murnia-recovery-cream\/\"]}]},{\"@type\":\"ImageObject\",\"inLanguage\":\"tr\",\"@id\":\"https:\/\/umayanabiotechnology.com\/tr\/product\/murnia-recovery-cream\/#primaryimage\",\"url\":\"https:\/\/umayanabiotechnology.com\/wp-content\/uploads\/2018\/02\/murnia-recovery-cream-1.jpg\",\"contentUrl\":\"https:\/\/umayanabiotechnology.com\/wp-content\/uploads\/2018\/02\/murnia-recovery-cream-1.jpg\",\"width\":1200,\"height\":1200},{\"@type\":\"BreadcrumbList\",\"@id\":\"https:\/\/umayanabiotechnology.com\/tr\/product\/murnia-recovery-cream\/#breadcrumb\",\"itemListElement\":[{\"@type\":\"ListItem\",\"position\":1,\"name\":\"Home\",\"item\":\"https:\/\/umayanabiotechnology.com\/tr\/\"},{\"@type\":\"ListItem\",\"position\":2,\"name\":\"\u00dcr\u00fcnler\",\"item\":\"https:\/\/umayanabiotechnology.com\/tr\/shop\/\"},{\"@type\":\"ListItem\",\"position\":3,\"name\":\"Murnia\u2122 Recovery Cream\"}]},{\"@type\":\"WebSite\",\"@id\":\"https:\/\/umayanabiotechnology.com\/#website\",\"url\":\"https:\/\/umayanabiotechnology.com\/\",\"name\":\"Umayana Biotechnology\u00ae\",\"description\":\"\",\"potentialAction\":[{\"@type\":\"SearchAction\",\"target\":{\"@type\":\"EntryPoint\",\"urlTemplate\":\"https:\/\/umayanabiotechnology.com\/?s={search_term_string}\"},\"query-input\":\"required name=search_term_string\"}],\"inLanguage\":\"tr\"}]}<\/script>\n<!-- \/ Yoast SEO Premium plugin. -->","yoast_head_json":{"title":"Murnia\u2122 Recovery Cream - Umayana Biotechnology\u00ae","robots":{"index":"index","follow":"follow","max-snippet":"max-snippet:-1","max-image-preview":"max-image-preview:large","max-video-preview":"max-video-preview:-1"},"canonical":"https:\/\/umayanabiotechnology.com\/tr\/product\/murnia-recovery-cream\/","twitter_misc":{"Tahmini okuma s\u00fcresi":"1 dakika"},"schema":{"@context":"https:\/\/schema.org","@graph":[{"@type":"WebPage","@id":"https:\/\/umayanabiotechnology.com\/tr\/product\/murnia-recovery-cream\/","url":"https:\/\/umayanabiotechnology.com\/tr\/product\/murnia-recovery-cream\/","name":"Murnia\u2122 Recovery Cream - Umayana Biotechnology\u00ae","isPartOf":{"@id":"https:\/\/umayanabiotechnology.com\/#website"},"primaryImageOfPage":{"@id":"https:\/\/umayanabiotechnology.com\/tr\/product\/murnia-recovery-cream\/#primaryimage"},"image":{"@id":"https:\/\/umayanabiotechnology.com\/tr\/product\/murnia-recovery-cream\/#primaryimage"},"thumbnailUrl":"https:\/\/umayanabiotechnology.com\/wp-content\/uploads\/2018\/02\/murnia-recovery-cream-1.jpg","datePublished":"2018-02-13T08:38:02+00:00","dateModified":"2023-07-04T07:39:01+00:00","breadcrumb":{"@id":"https:\/\/umayanabiotechnology.com\/tr\/product\/murnia-recovery-cream\/#breadcrumb"},"inLanguage":"tr","potentialAction":[{"@type":"ReadAction","target":["https:\/\/umayanabiotechnology.com\/tr\/product\/murnia-recovery-cream\/"]}]},{"@type":"ImageObject","inLanguage":"tr","@id":"https:\/\/umayanabiotechnology.com\/tr\/product\/murnia-recovery-cream\/#primaryimage","url":"https:\/\/umayanabiotechnology.com\/wp-content\/uploads\/2018\/02\/murnia-recovery-cream-1.jpg","contentUrl":"https:\/\/umayanabiotechnology.com\/wp-content\/uploads\/2018\/02\/murnia-recovery-cream-1.jpg","width":1200,"height":1200},{"@type":"BreadcrumbList","@id":"https:\/\/umayanabiotechnology.com\/tr\/product\/murnia-recovery-cream\/#breadcrumb","itemListElement":[{"@type":"ListItem","position":1,"name":"Home","item":"https:\/\/umayanabiotechnology.com\/tr\/"},{"@type":"ListItem","position":2,"name":"\u00dcr\u00fcnler","item":"https:\/\/umayanabiotechnology.com\/tr\/shop\/"},{"@type":"ListItem","position":3,"name":"Murnia\u2122 Recovery Cream"}]},{"@type":"WebSite","@id":"https:\/\/umayanabiotechnology.com\/#website","url":"https:\/\/umayanabiotechnology.com\/","name":"Umayana Biotechnology\u00ae","description":"","potentialAction":[{"@type":"SearchAction","target":{"@type":"EntryPoint","urlTemplate":"https:\/\/umayanabiotechnology.com\/?s={search_term_string}"},"query-input":"required name=search_term_string"}],"inLanguage":"tr"}]}},"_links":{"self":[{"href":"https:\/\/umayanabiotechnology.com\/tr\/wp-json\/wp\/v2\/product\/10636","targetHints":{"allow":["GET"]}}],"collection":[{"href":"https:\/\/umayanabiotechnology.com\/tr\/wp-json\/wp\/v2\/product"}],"about":[{"href":"https:\/\/umayanabiotechnology.com\/tr\/wp-json\/wp\/v2\/types\/product"}],"replies":[{"embeddable":true,"href":"https:\/\/umayanabiotechnology.com\/tr\/wp-json\/wp\/v2\/comments?post=10636"}],"wp:featuredmedia":[{"embeddable":true,"href":"https:\/\/umayanabiotechnology.com\/tr\/wp-json\/wp\/v2\/media\/10608"}],"wp:attachment":[{"href":"https:\/\/umayanabiotechnology.com\/tr\/wp-json\/wp\/v2\/media?parent=10636"}],"wp:term":[{"taxonomy":"product_cat","embeddable":true,"href":"https:\/\/umayanabiotechnology.com\/tr\/wp-json\/wp\/v2\/product_cat?post=10636"},{"taxonomy":"product_tag","embeddable":true,"href":"https:\/\/umayanabiotechnology.com\/tr\/wp-json\/wp\/v2\/product_tag?post=10636"}],"curies":[{"name":"wp","href":"https:\/\/api.w.org\/{rel}","templated":true}]}}