{"id":10639,"date":"2023-06-23T18:29:37","date_gmt":"2023-06-23T15:29:37","guid":{"rendered":"https:\/\/umayanabiotechnology.com\/?post_type=product&#038;p=10639"},"modified":"2026-04-20T12:09:54","modified_gmt":"2026-04-20T09:09:54","slug":"murnia-mouth-spray","status":"publish","type":"product","link":"https:\/\/umayanabiotechnology.com\/tr\/product\/murnia-mouth-spray\/","title":{"rendered":"Murnia\u00ae Mouth Spray"},"content":{"rendered":"<p align=\"justify\">Murnia\u00ae Mouth Spray <sup>CE<\/sup> alkol i\u00e7ermeyen, a\u011f\u0131z i\u00e7ini nemlendirici ve ferahlat\u0131c\u0131 bir \u00fcr\u00fcnd\u00fcr. Do\u011fal t\u00fck\u00fcr\u00fck pH de\u011ferine uygun olacak \u015fekilde \u00f6zel olarak form\u00fcle edilmi\u015ftir.<\/p>\n<h5>Bizi Di\u011ferlerinden Ay\u0131ran \u00d6zelli\u011fimiz:<\/h5>\n<p align=\"justify\">Patentli Murnia\u00ae ekstresi ve do\u011fal kaynaktan elde edilmi\u015f betain ile a\u011f\u0131z i\u00e7i su dengesinin ve proteinlerin korunmas\u0131na yard\u0131mc\u0131 olur. B\u00f6ylece a\u011f\u0131z i\u00e7ini nemlendirir ve kuruluk hissini an\u0131nda giderir.<\/p>\n<p align=\"justify\">Spreylenebilir formu sayesinde kolay kullan\u0131m sa\u011flar.<\/p>\n<h5>Kullan\u0131m:<\/h5>\n<p align=\"justify\">\u0130htiyac\u0131n\u0131za g\u00f6re g\u00fcn boyunca \u00e7ok kez kullan\u0131labilir.<\/p>\n","protected":false},"excerpt":{"rendered":"<ul>\n<li>A\u011f\u0131z i\u00e7ini nemlendirir<\/li>\n<li>Kuruluk hissini giderir ve ferahlat\u0131r<\/p>\n<\/ul>\n","protected":false},"featured_media":10613,"comment_status":"closed","ping_status":"closed","template":"","meta":[],"product_cat":[107],"product_tag":[105,104],"class_list":["post-10639","product","type-product","status-publish","has-post-thumbnail","hentry","product_cat-sprey","product_tag-agiz","product_tag-dudak"],"yoast_head":"<!-- This site is optimized with the Yoast SEO Premium plugin v19.3 (Yoast SEO v23.2) - https:\/\/yoast.com\/wordpress\/plugins\/seo\/ -->\n<title>Murnia\u00ae Mouth Spray - Umayana Biotechnology\u00ae<\/title>\n<meta name=\"robots\" content=\"index, follow, max-snippet:-1, max-image-preview:large, max-video-preview:-1\" \/>\n<link rel=\"canonical\" href=\"https:\/\/umayanabiotechnology.com\/tr\/product\/murnia-mouth-spray\/\" \/>\n<meta name=\"twitter:label1\" content=\"Tahmini okuma s\u00fcresi\" \/>\n\t<meta name=\"twitter:data1\" content=\"1 dakika\" \/>\n<script type=\"application\/ld+json\" class=\"yoast-schema-graph\">{\"@context\":\"https:\/\/schema.org\",\"@graph\":[{\"@type\":\"WebPage\",\"@id\":\"https:\/\/umayanabiotechnology.com\/tr\/product\/murnia-mouth-spray\/\",\"url\":\"https:\/\/umayanabiotechnology.com\/tr\/product\/murnia-mouth-spray\/\",\"name\":\"Murnia\u00ae Mouth Spray - Umayana Biotechnology\u00ae\",\"isPartOf\":{\"@id\":\"https:\/\/umayanabiotechnology.com\/#website\"},\"primaryImageOfPage\":{\"@id\":\"https:\/\/umayanabiotechnology.com\/tr\/product\/murnia-mouth-spray\/#primaryimage\"},\"image\":{\"@id\":\"https:\/\/umayanabiotechnology.com\/tr\/product\/murnia-mouth-spray\/#primaryimage\"},\"thumbnailUrl\":\"https:\/\/umayanabiotechnology.com\/wp-content\/uploads\/2023\/06\/murnia-mouth-spray.jpg\",\"datePublished\":\"2023-06-23T15:29:37+00:00\",\"dateModified\":\"2026-04-20T09:09:54+00:00\",\"breadcrumb\":{\"@id\":\"https:\/\/umayanabiotechnology.com\/tr\/product\/murnia-mouth-spray\/#breadcrumb\"},\"inLanguage\":\"tr\",\"potentialAction\":[{\"@type\":\"ReadAction\",\"target\":[\"https:\/\/umayanabiotechnology.com\/tr\/product\/murnia-mouth-spray\/\"]}]},{\"@type\":\"ImageObject\",\"inLanguage\":\"tr\",\"@id\":\"https:\/\/umayanabiotechnology.com\/tr\/product\/murnia-mouth-spray\/#primaryimage\",\"url\":\"https:\/\/umayanabiotechnology.com\/wp-content\/uploads\/2023\/06\/murnia-mouth-spray.jpg\",\"contentUrl\":\"https:\/\/umayanabiotechnology.com\/wp-content\/uploads\/2023\/06\/murnia-mouth-spray.jpg\",\"width\":1200,\"height\":1200},{\"@type\":\"BreadcrumbList\",\"@id\":\"https:\/\/umayanabiotechnology.com\/tr\/product\/murnia-mouth-spray\/#breadcrumb\",\"itemListElement\":[{\"@type\":\"ListItem\",\"position\":1,\"name\":\"Home\",\"item\":\"https:\/\/umayanabiotechnology.com\/tr\/\"},{\"@type\":\"ListItem\",\"position\":2,\"name\":\"\u00dcr\u00fcnler\",\"item\":\"https:\/\/umayanabiotechnology.com\/tr\/shop\/\"},{\"@type\":\"ListItem\",\"position\":3,\"name\":\"Murnia\u00ae Mouth Spray\"}]},{\"@type\":\"WebSite\",\"@id\":\"https:\/\/umayanabiotechnology.com\/#website\",\"url\":\"https:\/\/umayanabiotechnology.com\/\",\"name\":\"Umayana Biotechnology\u00ae\",\"description\":\"\",\"potentialAction\":[{\"@type\":\"SearchAction\",\"target\":{\"@type\":\"EntryPoint\",\"urlTemplate\":\"https:\/\/umayanabiotechnology.com\/?s={search_term_string}\"},\"query-input\":\"required name=search_term_string\"}],\"inLanguage\":\"tr\"}]}<\/script>\n<!-- \/ Yoast SEO Premium plugin. -->","yoast_head_json":{"title":"Murnia\u00ae Mouth Spray - Umayana Biotechnology\u00ae","robots":{"index":"index","follow":"follow","max-snippet":"max-snippet:-1","max-image-preview":"max-image-preview:large","max-video-preview":"max-video-preview:-1"},"canonical":"https:\/\/umayanabiotechnology.com\/tr\/product\/murnia-mouth-spray\/","twitter_misc":{"Tahmini okuma s\u00fcresi":"1 dakika"},"schema":{"@context":"https:\/\/schema.org","@graph":[{"@type":"WebPage","@id":"https:\/\/umayanabiotechnology.com\/tr\/product\/murnia-mouth-spray\/","url":"https:\/\/umayanabiotechnology.com\/tr\/product\/murnia-mouth-spray\/","name":"Murnia\u00ae Mouth Spray - Umayana Biotechnology\u00ae","isPartOf":{"@id":"https:\/\/umayanabiotechnology.com\/#website"},"primaryImageOfPage":{"@id":"https:\/\/umayanabiotechnology.com\/tr\/product\/murnia-mouth-spray\/#primaryimage"},"image":{"@id":"https:\/\/umayanabiotechnology.com\/tr\/product\/murnia-mouth-spray\/#primaryimage"},"thumbnailUrl":"https:\/\/umayanabiotechnology.com\/wp-content\/uploads\/2023\/06\/murnia-mouth-spray.jpg","datePublished":"2023-06-23T15:29:37+00:00","dateModified":"2026-04-20T09:09:54+00:00","breadcrumb":{"@id":"https:\/\/umayanabiotechnology.com\/tr\/product\/murnia-mouth-spray\/#breadcrumb"},"inLanguage":"tr","potentialAction":[{"@type":"ReadAction","target":["https:\/\/umayanabiotechnology.com\/tr\/product\/murnia-mouth-spray\/"]}]},{"@type":"ImageObject","inLanguage":"tr","@id":"https:\/\/umayanabiotechnology.com\/tr\/product\/murnia-mouth-spray\/#primaryimage","url":"https:\/\/umayanabiotechnology.com\/wp-content\/uploads\/2023\/06\/murnia-mouth-spray.jpg","contentUrl":"https:\/\/umayanabiotechnology.com\/wp-content\/uploads\/2023\/06\/murnia-mouth-spray.jpg","width":1200,"height":1200},{"@type":"BreadcrumbList","@id":"https:\/\/umayanabiotechnology.com\/tr\/product\/murnia-mouth-spray\/#breadcrumb","itemListElement":[{"@type":"ListItem","position":1,"name":"Home","item":"https:\/\/umayanabiotechnology.com\/tr\/"},{"@type":"ListItem","position":2,"name":"\u00dcr\u00fcnler","item":"https:\/\/umayanabiotechnology.com\/tr\/shop\/"},{"@type":"ListItem","position":3,"name":"Murnia\u00ae Mouth Spray"}]},{"@type":"WebSite","@id":"https:\/\/umayanabiotechnology.com\/#website","url":"https:\/\/umayanabiotechnology.com\/","name":"Umayana Biotechnology\u00ae","description":"","potentialAction":[{"@type":"SearchAction","target":{"@type":"EntryPoint","urlTemplate":"https:\/\/umayanabiotechnology.com\/?s={search_term_string}"},"query-input":"required name=search_term_string"}],"inLanguage":"tr"}]}},"_links":{"self":[{"href":"https:\/\/umayanabiotechnology.com\/tr\/wp-json\/wp\/v2\/product\/10639","targetHints":{"allow":["GET"]}}],"collection":[{"href":"https:\/\/umayanabiotechnology.com\/tr\/wp-json\/wp\/v2\/product"}],"about":[{"href":"https:\/\/umayanabiotechnology.com\/tr\/wp-json\/wp\/v2\/types\/product"}],"replies":[{"embeddable":true,"href":"https:\/\/umayanabiotechnology.com\/tr\/wp-json\/wp\/v2\/comments?post=10639"}],"wp:featuredmedia":[{"embeddable":true,"href":"https:\/\/umayanabiotechnology.com\/tr\/wp-json\/wp\/v2\/media\/10613"}],"wp:attachment":[{"href":"https:\/\/umayanabiotechnology.com\/tr\/wp-json\/wp\/v2\/media?parent=10639"}],"wp:term":[{"taxonomy":"product_cat","embeddable":true,"href":"https:\/\/umayanabiotechnology.com\/tr\/wp-json\/wp\/v2\/product_cat?post=10639"},{"taxonomy":"product_tag","embeddable":true,"href":"https:\/\/umayanabiotechnology.com\/tr\/wp-json\/wp\/v2\/product_tag?post=10639"}],"curies":[{"name":"wp","href":"https:\/\/api.w.org\/{rel}","templated":true}]}}