{"id":10644,"date":"2023-06-23T18:25:18","date_gmt":"2023-06-23T15:25:18","guid":{"rendered":"https:\/\/umayanabiotechnology.com\/?post_type=product&#038;p=10644"},"modified":"2026-04-18T17:58:30","modified_gmt":"2026-04-18T14:58:30","slug":"murnia-cleansing-emulsion","status":"publish","type":"product","link":"https:\/\/umayanabiotechnology.com\/tr\/product\/murnia-cleansing-emulsion\/","title":{"rendered":"Murnia\u00ae Cleansing Emulsion"},"content":{"rendered":"<p align=\"justify\">Murnia\u00ae Cleansing Emulsion, cildinizin hassas pH dengesini korur ve cilt bariyerini bozmadan, nazik\u00e7e temizler.<\/p>\n<h5>Nedir?<\/h5>\n<p align=\"justify\">Do\u011fal fonksiyonel bile\u015fenlerden olan patentli M\u00fcr ekstresi sayesinde cildin sa\u011fl\u0131kl\u0131 kalmas\u0131na yard\u0131mc\u0131 olurken cilt bariyerini destekleyerek nazik\u00e7e temizler. Bu e\u015fsiz bile\u015fen cildi rahatlat\u0131r, nemlendirir ve antioksidan etki sa\u011flar.<\/p>\n<h5>Kullan\u0131m:<\/h5>\n<p align=\"justify\">Dairesel hareketlerle y\u00fcz\u00fcn\u00fcze masaj yaparak uygulay\u0131n\u0131z. Daha sonra \u0131l\u0131k su ile iyice durulay\u0131n\u0131z.<\/p>\n<h5>\u0130\u00e7indekiler:<\/h5>\n<p align=\"justify\">Aqua, Coco-Glucoside, Sodium Lauryl Glucose Carboxylate, Lauryl Glucoside, Glycerin, Xanthan Gum, Panthenol, Commiphora Myrrha Resin Extract, Sorbitan Caprylate, Propanediol, Benzoic Acid, Tocopheryl Acetate, Citric Acid.<\/p>\n","protected":false},"excerpt":{"rendered":"<ul>\n<li>Ar\u0131nd\u0131r\u0131r<\/li>\n<li>Nemlendirir<\/li>\n<\/ul>\n","protected":false},"featured_media":10620,"comment_status":"closed","ping_status":"closed","template":"","meta":[],"product_cat":[108],"product_tag":[102,109,113],"class_list":["post-10644","product","type-product","status-publish","has-post-thumbnail","hentry","product_cat-emulsiyon","product_tag-cilt","product_tag-nemlendirici","product_tag-temiz"],"yoast_head":"<!-- This site is optimized with the Yoast SEO Premium plugin v19.3 (Yoast SEO v23.2) - https:\/\/yoast.com\/wordpress\/plugins\/seo\/ -->\n<title>Murnia\u00ae Cleansing Emulsion - Umayana Biotechnology\u00ae<\/title>\n<meta name=\"robots\" content=\"index, follow, max-snippet:-1, max-image-preview:large, max-video-preview:-1\" \/>\n<link rel=\"canonical\" href=\"https:\/\/umayanabiotechnology.com\/tr\/product\/murnia-cleansing-emulsion\/\" \/>\n<meta name=\"twitter:label1\" content=\"Tahmini okuma s\u00fcresi\" \/>\n\t<meta name=\"twitter:data1\" content=\"1 dakika\" \/>\n<script type=\"application\/ld+json\" class=\"yoast-schema-graph\">{\"@context\":\"https:\/\/schema.org\",\"@graph\":[{\"@type\":\"WebPage\",\"@id\":\"https:\/\/umayanabiotechnology.com\/tr\/product\/murnia-cleansing-emulsion\/\",\"url\":\"https:\/\/umayanabiotechnology.com\/tr\/product\/murnia-cleansing-emulsion\/\",\"name\":\"Murnia\u00ae Cleansing Emulsion - Umayana Biotechnology\u00ae\",\"isPartOf\":{\"@id\":\"https:\/\/umayanabiotechnology.com\/#website\"},\"primaryImageOfPage\":{\"@id\":\"https:\/\/umayanabiotechnology.com\/tr\/product\/murnia-cleansing-emulsion\/#primaryimage\"},\"image\":{\"@id\":\"https:\/\/umayanabiotechnology.com\/tr\/product\/murnia-cleansing-emulsion\/#primaryimage\"},\"thumbnailUrl\":\"https:\/\/umayanabiotechnology.com\/wp-content\/uploads\/2023\/06\/murnia-cleansing-emulsion.jpg\",\"datePublished\":\"2023-06-23T15:25:18+00:00\",\"dateModified\":\"2026-04-18T14:58:30+00:00\",\"breadcrumb\":{\"@id\":\"https:\/\/umayanabiotechnology.com\/tr\/product\/murnia-cleansing-emulsion\/#breadcrumb\"},\"inLanguage\":\"tr\",\"potentialAction\":[{\"@type\":\"ReadAction\",\"target\":[\"https:\/\/umayanabiotechnology.com\/tr\/product\/murnia-cleansing-emulsion\/\"]}]},{\"@type\":\"ImageObject\",\"inLanguage\":\"tr\",\"@id\":\"https:\/\/umayanabiotechnology.com\/tr\/product\/murnia-cleansing-emulsion\/#primaryimage\",\"url\":\"https:\/\/umayanabiotechnology.com\/wp-content\/uploads\/2023\/06\/murnia-cleansing-emulsion.jpg\",\"contentUrl\":\"https:\/\/umayanabiotechnology.com\/wp-content\/uploads\/2023\/06\/murnia-cleansing-emulsion.jpg\",\"width\":1200,\"height\":1200},{\"@type\":\"BreadcrumbList\",\"@id\":\"https:\/\/umayanabiotechnology.com\/tr\/product\/murnia-cleansing-emulsion\/#breadcrumb\",\"itemListElement\":[{\"@type\":\"ListItem\",\"position\":1,\"name\":\"Home\",\"item\":\"https:\/\/umayanabiotechnology.com\/tr\/\"},{\"@type\":\"ListItem\",\"position\":2,\"name\":\"\u00dcr\u00fcnler\",\"item\":\"https:\/\/umayanabiotechnology.com\/tr\/shop\/\"},{\"@type\":\"ListItem\",\"position\":3,\"name\":\"Murnia\u00ae Cleansing Emulsion\"}]},{\"@type\":\"WebSite\",\"@id\":\"https:\/\/umayanabiotechnology.com\/#website\",\"url\":\"https:\/\/umayanabiotechnology.com\/\",\"name\":\"Umayana Biotechnology\u00ae\",\"description\":\"\",\"potentialAction\":[{\"@type\":\"SearchAction\",\"target\":{\"@type\":\"EntryPoint\",\"urlTemplate\":\"https:\/\/umayanabiotechnology.com\/?s={search_term_string}\"},\"query-input\":\"required name=search_term_string\"}],\"inLanguage\":\"tr\"}]}<\/script>\n<!-- \/ Yoast SEO Premium plugin. -->","yoast_head_json":{"title":"Murnia\u00ae Cleansing Emulsion - Umayana Biotechnology\u00ae","robots":{"index":"index","follow":"follow","max-snippet":"max-snippet:-1","max-image-preview":"max-image-preview:large","max-video-preview":"max-video-preview:-1"},"canonical":"https:\/\/umayanabiotechnology.com\/tr\/product\/murnia-cleansing-emulsion\/","twitter_misc":{"Tahmini okuma s\u00fcresi":"1 dakika"},"schema":{"@context":"https:\/\/schema.org","@graph":[{"@type":"WebPage","@id":"https:\/\/umayanabiotechnology.com\/tr\/product\/murnia-cleansing-emulsion\/","url":"https:\/\/umayanabiotechnology.com\/tr\/product\/murnia-cleansing-emulsion\/","name":"Murnia\u00ae Cleansing Emulsion - Umayana Biotechnology\u00ae","isPartOf":{"@id":"https:\/\/umayanabiotechnology.com\/#website"},"primaryImageOfPage":{"@id":"https:\/\/umayanabiotechnology.com\/tr\/product\/murnia-cleansing-emulsion\/#primaryimage"},"image":{"@id":"https:\/\/umayanabiotechnology.com\/tr\/product\/murnia-cleansing-emulsion\/#primaryimage"},"thumbnailUrl":"https:\/\/umayanabiotechnology.com\/wp-content\/uploads\/2023\/06\/murnia-cleansing-emulsion.jpg","datePublished":"2023-06-23T15:25:18+00:00","dateModified":"2026-04-18T14:58:30+00:00","breadcrumb":{"@id":"https:\/\/umayanabiotechnology.com\/tr\/product\/murnia-cleansing-emulsion\/#breadcrumb"},"inLanguage":"tr","potentialAction":[{"@type":"ReadAction","target":["https:\/\/umayanabiotechnology.com\/tr\/product\/murnia-cleansing-emulsion\/"]}]},{"@type":"ImageObject","inLanguage":"tr","@id":"https:\/\/umayanabiotechnology.com\/tr\/product\/murnia-cleansing-emulsion\/#primaryimage","url":"https:\/\/umayanabiotechnology.com\/wp-content\/uploads\/2023\/06\/murnia-cleansing-emulsion.jpg","contentUrl":"https:\/\/umayanabiotechnology.com\/wp-content\/uploads\/2023\/06\/murnia-cleansing-emulsion.jpg","width":1200,"height":1200},{"@type":"BreadcrumbList","@id":"https:\/\/umayanabiotechnology.com\/tr\/product\/murnia-cleansing-emulsion\/#breadcrumb","itemListElement":[{"@type":"ListItem","position":1,"name":"Home","item":"https:\/\/umayanabiotechnology.com\/tr\/"},{"@type":"ListItem","position":2,"name":"\u00dcr\u00fcnler","item":"https:\/\/umayanabiotechnology.com\/tr\/shop\/"},{"@type":"ListItem","position":3,"name":"Murnia\u00ae Cleansing Emulsion"}]},{"@type":"WebSite","@id":"https:\/\/umayanabiotechnology.com\/#website","url":"https:\/\/umayanabiotechnology.com\/","name":"Umayana Biotechnology\u00ae","description":"","potentialAction":[{"@type":"SearchAction","target":{"@type":"EntryPoint","urlTemplate":"https:\/\/umayanabiotechnology.com\/?s={search_term_string}"},"query-input":"required name=search_term_string"}],"inLanguage":"tr"}]}},"_links":{"self":[{"href":"https:\/\/umayanabiotechnology.com\/tr\/wp-json\/wp\/v2\/product\/10644","targetHints":{"allow":["GET"]}}],"collection":[{"href":"https:\/\/umayanabiotechnology.com\/tr\/wp-json\/wp\/v2\/product"}],"about":[{"href":"https:\/\/umayanabiotechnology.com\/tr\/wp-json\/wp\/v2\/types\/product"}],"replies":[{"embeddable":true,"href":"https:\/\/umayanabiotechnology.com\/tr\/wp-json\/wp\/v2\/comments?post=10644"}],"wp:featuredmedia":[{"embeddable":true,"href":"https:\/\/umayanabiotechnology.com\/tr\/wp-json\/wp\/v2\/media\/10620"}],"wp:attachment":[{"href":"https:\/\/umayanabiotechnology.com\/tr\/wp-json\/wp\/v2\/media?parent=10644"}],"wp:term":[{"taxonomy":"product_cat","embeddable":true,"href":"https:\/\/umayanabiotechnology.com\/tr\/wp-json\/wp\/v2\/product_cat?post=10644"},{"taxonomy":"product_tag","embeddable":true,"href":"https:\/\/umayanabiotechnology.com\/tr\/wp-json\/wp\/v2\/product_tag?post=10644"}],"curies":[{"name":"wp","href":"https:\/\/api.w.org\/{rel}","templated":true}]}}