{"id":10653,"date":"2023-06-23T08:10:50","date_gmt":"2023-06-23T05:10:50","guid":{"rendered":"https:\/\/umayanabiotechnology.com\/?post_type=product&#038;p=10653"},"modified":"2026-04-15T02:03:07","modified_gmt":"2026-04-14T23:03:07","slug":"murnia-gentle-emollient-cream","status":"publish","type":"product","link":"https:\/\/umayanabiotechnology.com\/tr\/product\/murnia-gentle-emollient-cream\/","title":{"rendered":"Murnia\u00ae Gentle Emollient Cream"},"content":{"rendered":"<p align=\"justify\">Murnia\u2122 Derma Cream cildi nemlendirir, rahatlat\u0131r ve yenilenmesine yard\u0131mc\u0131 olur.<\/p>\n<h5>Nedir?<\/h5>\n<p align=\"justify\">Atopiye e\u011filimli ciltler i\u00e7in \u00f6zel olarak form\u00fcle edilmi\u015ftir. Kuruluktan dolay\u0131 olu\u015fan rahats\u0131zl\u0131\u011f\u0131 ve gerginlik hissini gidermeye yard\u0131mc\u0131 olur.<\/p>\n<h5>Kullan\u0131m:<\/h5>\n<p align=\"justify\">Kuru ve temiz cilde g\u00fcnde en az 2 defa ihtiya\u00e7 duyuldu\u011fu zamanlarda s\u00fcr\u00fclerek kullan\u0131l\u0131r. \u00c7ocuklarda kullan\u0131ma uygundur.<\/p>\n<h5>\u0130\u00e7indekiler:<\/h5>\n<p align=\"justify\">Aqua, Zinc Oxide, Glycerin, Sweet Almond Oil, Beeswax, PEG-7 Glyceryl Cocoate, Hypericum Perforatum Flower Extract, Commiphora Myrrha Resin Extract, Sorbitan Olivate, Stearic Acid, Glyceryl Stearate, Coco-Caprylate\/Caprate, Cetyl Alcohol, Ethylhexyl Stearate, Lanolin, Theobroma Cacao (Cocoa) Seed Butter, Squalene, Ethylhexylglycerin, Cetearyl Alcohol, Hyaluronic Acid, C10-18 Triglycerides, Bisabolol, Allantoin, Panthenol, Sodium Lauroyl Glutamate, Dicaprylyl Ether, Caffeine, Citric Acid, Disodium EDTA, Phenoxyethanol.<\/p>\n","protected":false},"excerpt":{"rendered":"<ul>\n<li>Cilt Bariyerini Korur<\/li>\n<li>Nemlendirir ve Rahatlat\u0131r<\/li>\n<\/ul>\n","protected":false},"featured_media":11561,"comment_status":"closed","ping_status":"closed","template":"","meta":[],"product_cat":[103],"product_tag":[102],"class_list":["post-10653","product","type-product","status-publish","has-post-thumbnail","hentry","product_cat-krem","product_tag-cilt"],"yoast_head":"<!-- This site is optimized with the Yoast SEO Premium plugin v19.3 (Yoast SEO v23.2) - https:\/\/yoast.com\/wordpress\/plugins\/seo\/ -->\n<title>Murnia\u00ae Gentle Emollient Cream - Umayana Biotechnology\u00ae<\/title>\n<meta name=\"robots\" content=\"index, follow, max-snippet:-1, max-image-preview:large, max-video-preview:-1\" \/>\n<link rel=\"canonical\" href=\"https:\/\/umayanabiotechnology.com\/tr\/product\/murnia-gentle-emollient-cream\/\" \/>\n<meta name=\"twitter:label1\" content=\"Tahmini okuma s\u00fcresi\" \/>\n\t<meta name=\"twitter:data1\" content=\"1 dakika\" \/>\n<script type=\"application\/ld+json\" class=\"yoast-schema-graph\">{\"@context\":\"https:\/\/schema.org\",\"@graph\":[{\"@type\":\"WebPage\",\"@id\":\"https:\/\/umayanabiotechnology.com\/tr\/product\/murnia-gentle-emollient-cream\/\",\"url\":\"https:\/\/umayanabiotechnology.com\/tr\/product\/murnia-gentle-emollient-cream\/\",\"name\":\"Murnia\u00ae Gentle Emollient Cream - Umayana Biotechnology\u00ae\",\"isPartOf\":{\"@id\":\"https:\/\/umayanabiotechnology.com\/#website\"},\"primaryImageOfPage\":{\"@id\":\"https:\/\/umayanabiotechnology.com\/tr\/product\/murnia-gentle-emollient-cream\/#primaryimage\"},\"image\":{\"@id\":\"https:\/\/umayanabiotechnology.com\/tr\/product\/murnia-gentle-emollient-cream\/#primaryimage\"},\"thumbnailUrl\":\"https:\/\/umayanabiotechnology.com\/wp-content\/uploads\/2023\/06\/gentle-emollient-cream-murnia.jpg\",\"datePublished\":\"2023-06-23T05:10:50+00:00\",\"dateModified\":\"2026-04-14T23:03:07+00:00\",\"breadcrumb\":{\"@id\":\"https:\/\/umayanabiotechnology.com\/tr\/product\/murnia-gentle-emollient-cream\/#breadcrumb\"},\"inLanguage\":\"tr\",\"potentialAction\":[{\"@type\":\"ReadAction\",\"target\":[\"https:\/\/umayanabiotechnology.com\/tr\/product\/murnia-gentle-emollient-cream\/\"]}]},{\"@type\":\"ImageObject\",\"inLanguage\":\"tr\",\"@id\":\"https:\/\/umayanabiotechnology.com\/tr\/product\/murnia-gentle-emollient-cream\/#primaryimage\",\"url\":\"https:\/\/umayanabiotechnology.com\/wp-content\/uploads\/2023\/06\/gentle-emollient-cream-murnia.jpg\",\"contentUrl\":\"https:\/\/umayanabiotechnology.com\/wp-content\/uploads\/2023\/06\/gentle-emollient-cream-murnia.jpg\",\"width\":1200,\"height\":1200},{\"@type\":\"BreadcrumbList\",\"@id\":\"https:\/\/umayanabiotechnology.com\/tr\/product\/murnia-gentle-emollient-cream\/#breadcrumb\",\"itemListElement\":[{\"@type\":\"ListItem\",\"position\":1,\"name\":\"Home\",\"item\":\"https:\/\/umayanabiotechnology.com\/tr\/\"},{\"@type\":\"ListItem\",\"position\":2,\"name\":\"\u00dcr\u00fcnler\",\"item\":\"https:\/\/umayanabiotechnology.com\/tr\/shop\/\"},{\"@type\":\"ListItem\",\"position\":3,\"name\":\"Murnia\u00ae Gentle Emollient Cream\"}]},{\"@type\":\"WebSite\",\"@id\":\"https:\/\/umayanabiotechnology.com\/#website\",\"url\":\"https:\/\/umayanabiotechnology.com\/\",\"name\":\"Umayana Biotechnology\u00ae\",\"description\":\"\",\"potentialAction\":[{\"@type\":\"SearchAction\",\"target\":{\"@type\":\"EntryPoint\",\"urlTemplate\":\"https:\/\/umayanabiotechnology.com\/?s={search_term_string}\"},\"query-input\":\"required name=search_term_string\"}],\"inLanguage\":\"tr\"}]}<\/script>\n<!-- \/ Yoast SEO Premium plugin. -->","yoast_head_json":{"title":"Murnia\u00ae Gentle Emollient Cream - Umayana Biotechnology\u00ae","robots":{"index":"index","follow":"follow","max-snippet":"max-snippet:-1","max-image-preview":"max-image-preview:large","max-video-preview":"max-video-preview:-1"},"canonical":"https:\/\/umayanabiotechnology.com\/tr\/product\/murnia-gentle-emollient-cream\/","twitter_misc":{"Tahmini okuma s\u00fcresi":"1 dakika"},"schema":{"@context":"https:\/\/schema.org","@graph":[{"@type":"WebPage","@id":"https:\/\/umayanabiotechnology.com\/tr\/product\/murnia-gentle-emollient-cream\/","url":"https:\/\/umayanabiotechnology.com\/tr\/product\/murnia-gentle-emollient-cream\/","name":"Murnia\u00ae Gentle Emollient Cream - Umayana Biotechnology\u00ae","isPartOf":{"@id":"https:\/\/umayanabiotechnology.com\/#website"},"primaryImageOfPage":{"@id":"https:\/\/umayanabiotechnology.com\/tr\/product\/murnia-gentle-emollient-cream\/#primaryimage"},"image":{"@id":"https:\/\/umayanabiotechnology.com\/tr\/product\/murnia-gentle-emollient-cream\/#primaryimage"},"thumbnailUrl":"https:\/\/umayanabiotechnology.com\/wp-content\/uploads\/2023\/06\/gentle-emollient-cream-murnia.jpg","datePublished":"2023-06-23T05:10:50+00:00","dateModified":"2026-04-14T23:03:07+00:00","breadcrumb":{"@id":"https:\/\/umayanabiotechnology.com\/tr\/product\/murnia-gentle-emollient-cream\/#breadcrumb"},"inLanguage":"tr","potentialAction":[{"@type":"ReadAction","target":["https:\/\/umayanabiotechnology.com\/tr\/product\/murnia-gentle-emollient-cream\/"]}]},{"@type":"ImageObject","inLanguage":"tr","@id":"https:\/\/umayanabiotechnology.com\/tr\/product\/murnia-gentle-emollient-cream\/#primaryimage","url":"https:\/\/umayanabiotechnology.com\/wp-content\/uploads\/2023\/06\/gentle-emollient-cream-murnia.jpg","contentUrl":"https:\/\/umayanabiotechnology.com\/wp-content\/uploads\/2023\/06\/gentle-emollient-cream-murnia.jpg","width":1200,"height":1200},{"@type":"BreadcrumbList","@id":"https:\/\/umayanabiotechnology.com\/tr\/product\/murnia-gentle-emollient-cream\/#breadcrumb","itemListElement":[{"@type":"ListItem","position":1,"name":"Home","item":"https:\/\/umayanabiotechnology.com\/tr\/"},{"@type":"ListItem","position":2,"name":"\u00dcr\u00fcnler","item":"https:\/\/umayanabiotechnology.com\/tr\/shop\/"},{"@type":"ListItem","position":3,"name":"Murnia\u00ae Gentle Emollient Cream"}]},{"@type":"WebSite","@id":"https:\/\/umayanabiotechnology.com\/#website","url":"https:\/\/umayanabiotechnology.com\/","name":"Umayana Biotechnology\u00ae","description":"","potentialAction":[{"@type":"SearchAction","target":{"@type":"EntryPoint","urlTemplate":"https:\/\/umayanabiotechnology.com\/?s={search_term_string}"},"query-input":"required name=search_term_string"}],"inLanguage":"tr"}]}},"_links":{"self":[{"href":"https:\/\/umayanabiotechnology.com\/tr\/wp-json\/wp\/v2\/product\/10653","targetHints":{"allow":["GET"]}}],"collection":[{"href":"https:\/\/umayanabiotechnology.com\/tr\/wp-json\/wp\/v2\/product"}],"about":[{"href":"https:\/\/umayanabiotechnology.com\/tr\/wp-json\/wp\/v2\/types\/product"}],"replies":[{"embeddable":true,"href":"https:\/\/umayanabiotechnology.com\/tr\/wp-json\/wp\/v2\/comments?post=10653"}],"wp:featuredmedia":[{"embeddable":true,"href":"https:\/\/umayanabiotechnology.com\/tr\/wp-json\/wp\/v2\/media\/11561"}],"wp:attachment":[{"href":"https:\/\/umayanabiotechnology.com\/tr\/wp-json\/wp\/v2\/media?parent=10653"}],"wp:term":[{"taxonomy":"product_cat","embeddable":true,"href":"https:\/\/umayanabiotechnology.com\/tr\/wp-json\/wp\/v2\/product_cat?post=10653"},{"taxonomy":"product_tag","embeddable":true,"href":"https:\/\/umayanabiotechnology.com\/tr\/wp-json\/wp\/v2\/product_tag?post=10653"}],"curies":[{"name":"wp","href":"https:\/\/api.w.org\/{rel}","templated":true}]}}