{"id":11548,"date":"2023-06-23T18:30:52","date_gmt":"2023-06-23T15:30:52","guid":{"rendered":"https:\/\/umayanabiotechnology.com\/?post_type=product&#038;p=11548"},"modified":"2026-04-20T11:48:31","modified_gmt":"2026-04-20T08:48:31","slug":"murnia-barrier-gel-a","status":"publish","type":"product","link":"https:\/\/umayanabiotechnology.com\/tr\/product\/murnia-barrier-gel-a\/","title":{"rendered":"Murnia\u00ae Barrier Gel-A"},"content":{"rendered":"<p align=\"justify\">Murnia\u00ae Bariyer Jel <sup>CE<\/sup> derin teknoloji ile gelis\u0327tirilmis\u0327 patentli bir u\u0308ru\u0308ndu\u0308r. O\u0308zel formu\u0308lu\u0308 ve patentli ic\u0327erig\u0306i sayesinde cilt ve mukozada bulunan epidermisin u\u0308zerinde koruyucu bir tabaka olus\u0327turur ve cildin mekanik direncini art\u0131rarak gu\u0308c\u0327lu\u0308 bariyer etkisi yarat\u0131r. D\u0131s\u0327ardan gelebilecek ve meserasyon gibi epidermisin bozulmas\u0131na neden olabilecek risk alt\u0131ndaki bo\u0308lgelerde her tu\u0308rlu\u0308 zararl\u0131 etkiye kars\u0327\u0131 epidermisi korur.<\/p>\n<p align=\"justify\">Cilde uygun pH deg\u0306erine sahiptir.<\/p>\n<p align=\"justify\">Bu\u0308tu\u0308nlu\u0308g\u0306u\u0308 bozulmam\u0131s\u0327 her cilt tipinde kullan\u0131ma uygundur.<\/p>\n<h5>Kullan\u0131m:<\/h5>\n<p align=\"justify\">G\u00fcnde en az 3 kez veya ihtiyaca g\u00f6re uygulay\u0131n.<\/p>\n","protected":false},"excerpt":{"rendered":"<ul>\n<li>Cilt Bariyerini korur.<\/li>\n<li>G\u00fc\u00e7l\u00fc Bariyer Etki<\/li>\n<\/ul>\n","protected":false},"featured_media":11554,"comment_status":"closed","ping_status":"closed","template":"","meta":[],"product_cat":[106],"product_tag":[102],"class_list":["post-11548","product","type-product","status-publish","has-post-thumbnail","hentry","product_cat-jel","product_tag-cilt"],"yoast_head":"<!-- This site is optimized with the Yoast SEO Premium plugin v19.3 (Yoast SEO v23.2) - https:\/\/yoast.com\/wordpress\/plugins\/seo\/ -->\n<title>Murnia\u00ae Barrier Gel-A - Umayana Biotechnology\u00ae<\/title>\n<meta name=\"robots\" content=\"index, follow, max-snippet:-1, max-image-preview:large, max-video-preview:-1\" \/>\n<link rel=\"canonical\" href=\"https:\/\/umayanabiotechnology.com\/tr\/product\/murnia-barrier-gel-a\/\" \/>\n<meta name=\"twitter:label1\" content=\"Tahmini okuma s\u00fcresi\" \/>\n\t<meta name=\"twitter:data1\" content=\"1 dakika\" \/>\n<script type=\"application\/ld+json\" class=\"yoast-schema-graph\">{\"@context\":\"https:\/\/schema.org\",\"@graph\":[{\"@type\":\"WebPage\",\"@id\":\"https:\/\/umayanabiotechnology.com\/tr\/product\/murnia-barrier-gel-a\/\",\"url\":\"https:\/\/umayanabiotechnology.com\/tr\/product\/murnia-barrier-gel-a\/\",\"name\":\"Murnia\u00ae Barrier Gel-A - Umayana Biotechnology\u00ae\",\"isPartOf\":{\"@id\":\"https:\/\/umayanabiotechnology.com\/#website\"},\"primaryImageOfPage\":{\"@id\":\"https:\/\/umayanabiotechnology.com\/tr\/product\/murnia-barrier-gel-a\/#primaryimage\"},\"image\":{\"@id\":\"https:\/\/umayanabiotechnology.com\/tr\/product\/murnia-barrier-gel-a\/#primaryimage\"},\"thumbnailUrl\":\"https:\/\/umayanabiotechnology.com\/wp-content\/uploads\/2023\/06\/murnia-barrier-gel-a.jpg\",\"datePublished\":\"2023-06-23T15:30:52+00:00\",\"dateModified\":\"2026-04-20T08:48:31+00:00\",\"breadcrumb\":{\"@id\":\"https:\/\/umayanabiotechnology.com\/tr\/product\/murnia-barrier-gel-a\/#breadcrumb\"},\"inLanguage\":\"tr\",\"potentialAction\":[{\"@type\":\"ReadAction\",\"target\":[\"https:\/\/umayanabiotechnology.com\/tr\/product\/murnia-barrier-gel-a\/\"]}]},{\"@type\":\"ImageObject\",\"inLanguage\":\"tr\",\"@id\":\"https:\/\/umayanabiotechnology.com\/tr\/product\/murnia-barrier-gel-a\/#primaryimage\",\"url\":\"https:\/\/umayanabiotechnology.com\/wp-content\/uploads\/2023\/06\/murnia-barrier-gel-a.jpg\",\"contentUrl\":\"https:\/\/umayanabiotechnology.com\/wp-content\/uploads\/2023\/06\/murnia-barrier-gel-a.jpg\",\"width\":1200,\"height\":1200,\"caption\":\"murnia barrier gel-a\"},{\"@type\":\"BreadcrumbList\",\"@id\":\"https:\/\/umayanabiotechnology.com\/tr\/product\/murnia-barrier-gel-a\/#breadcrumb\",\"itemListElement\":[{\"@type\":\"ListItem\",\"position\":1,\"name\":\"Home\",\"item\":\"https:\/\/umayanabiotechnology.com\/tr\/\"},{\"@type\":\"ListItem\",\"position\":2,\"name\":\"\u00dcr\u00fcnler\",\"item\":\"https:\/\/umayanabiotechnology.com\/tr\/shop\/\"},{\"@type\":\"ListItem\",\"position\":3,\"name\":\"Murnia\u00ae Barrier Gel-A\"}]},{\"@type\":\"WebSite\",\"@id\":\"https:\/\/umayanabiotechnology.com\/#website\",\"url\":\"https:\/\/umayanabiotechnology.com\/\",\"name\":\"Umayana Biotechnology\u00ae\",\"description\":\"\",\"potentialAction\":[{\"@type\":\"SearchAction\",\"target\":{\"@type\":\"EntryPoint\",\"urlTemplate\":\"https:\/\/umayanabiotechnology.com\/?s={search_term_string}\"},\"query-input\":\"required name=search_term_string\"}],\"inLanguage\":\"tr\"}]}<\/script>\n<!-- \/ Yoast SEO Premium plugin. -->","yoast_head_json":{"title":"Murnia\u00ae Barrier Gel-A - Umayana Biotechnology\u00ae","robots":{"index":"index","follow":"follow","max-snippet":"max-snippet:-1","max-image-preview":"max-image-preview:large","max-video-preview":"max-video-preview:-1"},"canonical":"https:\/\/umayanabiotechnology.com\/tr\/product\/murnia-barrier-gel-a\/","twitter_misc":{"Tahmini okuma s\u00fcresi":"1 dakika"},"schema":{"@context":"https:\/\/schema.org","@graph":[{"@type":"WebPage","@id":"https:\/\/umayanabiotechnology.com\/tr\/product\/murnia-barrier-gel-a\/","url":"https:\/\/umayanabiotechnology.com\/tr\/product\/murnia-barrier-gel-a\/","name":"Murnia\u00ae Barrier Gel-A - Umayana Biotechnology\u00ae","isPartOf":{"@id":"https:\/\/umayanabiotechnology.com\/#website"},"primaryImageOfPage":{"@id":"https:\/\/umayanabiotechnology.com\/tr\/product\/murnia-barrier-gel-a\/#primaryimage"},"image":{"@id":"https:\/\/umayanabiotechnology.com\/tr\/product\/murnia-barrier-gel-a\/#primaryimage"},"thumbnailUrl":"https:\/\/umayanabiotechnology.com\/wp-content\/uploads\/2023\/06\/murnia-barrier-gel-a.jpg","datePublished":"2023-06-23T15:30:52+00:00","dateModified":"2026-04-20T08:48:31+00:00","breadcrumb":{"@id":"https:\/\/umayanabiotechnology.com\/tr\/product\/murnia-barrier-gel-a\/#breadcrumb"},"inLanguage":"tr","potentialAction":[{"@type":"ReadAction","target":["https:\/\/umayanabiotechnology.com\/tr\/product\/murnia-barrier-gel-a\/"]}]},{"@type":"ImageObject","inLanguage":"tr","@id":"https:\/\/umayanabiotechnology.com\/tr\/product\/murnia-barrier-gel-a\/#primaryimage","url":"https:\/\/umayanabiotechnology.com\/wp-content\/uploads\/2023\/06\/murnia-barrier-gel-a.jpg","contentUrl":"https:\/\/umayanabiotechnology.com\/wp-content\/uploads\/2023\/06\/murnia-barrier-gel-a.jpg","width":1200,"height":1200,"caption":"murnia barrier gel-a"},{"@type":"BreadcrumbList","@id":"https:\/\/umayanabiotechnology.com\/tr\/product\/murnia-barrier-gel-a\/#breadcrumb","itemListElement":[{"@type":"ListItem","position":1,"name":"Home","item":"https:\/\/umayanabiotechnology.com\/tr\/"},{"@type":"ListItem","position":2,"name":"\u00dcr\u00fcnler","item":"https:\/\/umayanabiotechnology.com\/tr\/shop\/"},{"@type":"ListItem","position":3,"name":"Murnia\u00ae Barrier Gel-A"}]},{"@type":"WebSite","@id":"https:\/\/umayanabiotechnology.com\/#website","url":"https:\/\/umayanabiotechnology.com\/","name":"Umayana Biotechnology\u00ae","description":"","potentialAction":[{"@type":"SearchAction","target":{"@type":"EntryPoint","urlTemplate":"https:\/\/umayanabiotechnology.com\/?s={search_term_string}"},"query-input":"required name=search_term_string"}],"inLanguage":"tr"}]}},"_links":{"self":[{"href":"https:\/\/umayanabiotechnology.com\/tr\/wp-json\/wp\/v2\/product\/11548","targetHints":{"allow":["GET"]}}],"collection":[{"href":"https:\/\/umayanabiotechnology.com\/tr\/wp-json\/wp\/v2\/product"}],"about":[{"href":"https:\/\/umayanabiotechnology.com\/tr\/wp-json\/wp\/v2\/types\/product"}],"replies":[{"embeddable":true,"href":"https:\/\/umayanabiotechnology.com\/tr\/wp-json\/wp\/v2\/comments?post=11548"}],"wp:featuredmedia":[{"embeddable":true,"href":"https:\/\/umayanabiotechnology.com\/tr\/wp-json\/wp\/v2\/media\/11554"}],"wp:attachment":[{"href":"https:\/\/umayanabiotechnology.com\/tr\/wp-json\/wp\/v2\/media?parent=11548"}],"wp:term":[{"taxonomy":"product_cat","embeddable":true,"href":"https:\/\/umayanabiotechnology.com\/tr\/wp-json\/wp\/v2\/product_cat?post=11548"},{"taxonomy":"product_tag","embeddable":true,"href":"https:\/\/umayanabiotechnology.com\/tr\/wp-json\/wp\/v2\/product_tag?post=11548"}],"curies":[{"name":"wp","href":"https:\/\/api.w.org\/{rel}","templated":true}]}}